{"id":1737,"date":"2022-07-11T10:39:13","date_gmt":"2022-07-11T08:39:13","guid":{"rendered":"https:\/\/www.camping-penboch.fr\/standorte\/"},"modified":"2022-07-11T11:29:05","modified_gmt":"2022-07-11T09:29:05","slug":"standorte","status":"publish","type":"page","link":"https:\/\/www.camping-penboch.fr\/de\/standorte\/","title":{"rendered":"Standorte"},"content":{"rendered":"\n<section class=\"wp-container-69eb89e3a9a65 wp-block-group a-00-a\"><div class=\"wp-block-group__inner-container\">\n<div class=\"wp-block-cover\"><span aria-hidden=\"true\" class=\"has-black-background-color has-background-dim-0 wp-block-cover__gradient-background has-background-dim\"><\/span><img width=\"1920\" height=\"1280\" class=\"wp-block-cover__image-background wp-image-962\" alt=\"\" src=\"https:\/\/www.camping-penboch.fr\/wp-content\/uploads\/2022\/06\/IMG_7279_1920.jpg\" style=\"object-position:56% 79%\" data-object-fit=\"cover\" data-object-position=\"56% 79%\" srcset=\"https:\/\/www.camping-penboch.fr\/wp-content\/uploads\/2022\/06\/IMG_7279_1920.jpg 1920w, https:\/\/www.camping-penboch.fr\/wp-content\/uploads\/2022\/06\/IMG_7279_1920-300x200.jpg 300w, https:\/\/www.camping-penboch.fr\/wp-content\/uploads\/2022\/06\/IMG_7279_1920-1024x683.jpg 1024w, https:\/\/www.camping-penboch.fr\/wp-content\/uploads\/2022\/06\/IMG_7279_1920-768x512.jpg 768w, https:\/\/www.camping-penboch.fr\/wp-content\/uploads\/2022\/06\/IMG_7279_1920-1536x1024.jpg 1536w\" sizes=\"(max-width: 1920px) 100vw, 1920px\" \/><div class=\"wp-block-cover__inner-container\">\n<h1 class=\"has-text-align-center\"><\/h1>\n<\/div><\/div>\n<\/div><\/section>\n\n\n\n<section class=\"wp-container-69eb89e3aa1ce wp-block-group b-00-a\"><div class=\"wp-block-group__inner-container\">\n<h1 class=\"has-text-align-center\" id=\"emplacements-de-camping-en-bretagne-sud-pres-de-la-mer\">Campingpl\u00e4tze in der S\u00fcdbretagne nahe am Meer<\/h1>\n\n\n\n<p class=\"has-text-align-center\">Der 4-Sterne-Campingplatz Penboch in Arradon, nur 200 m vom Golf von Morbihan entfernt und in der N\u00e4he von Vannes, bietet Ihnen die Vermietung von Stellpl\u00e4tzen f\u00fcr Zelte, Wohnwagen und Wohnmobile f\u00fcr einen Natururlaub zwischen Land und Meer in der s\u00fcdlichen Bretagne.<\/p>\n\n\n\n<p class=\"has-text-align-center\">In einer gr\u00fcnen und gesch\u00fctzten Umgebung empf\u00e4ngt Sie der Campingplatz Sites et Paysages de Penboch, ein Campingplatz mit \u00fcberschaubarer Gr\u00f6\u00dfe, auf seinen ger\u00e4umigen Stellpl\u00e4tzen, wo Sie Ihr Zelt, Ihren Wohnwagen oder Ihr Wohnmobil f\u00fcr einen Urlaub mit der Familie oder mit Freunden aufstellen k\u00f6nnen.<\/p>\n\n\n\n<p class=\"has-text-align-center\">Unsere sonnigen oder schattigen Parzellen sind durch Hecken abgegrenzt, um Ihnen Ruhe und Privatsph\u00e4re zu garantieren. Sie k\u00f6nnen zwischen zwei Gr\u00f6\u00dfen w\u00e4hlen: mindestens 80m\u00b2 oder mindestens 150m\u00b2.<\/p>\n\n\n\n<div class=\"wp-container-69eb89e3a9ea0 wp-block-buttons\">\n<div class=\"wp-block-button btn_resa_empl\"><a class=\"wp-block-button__link\">Meinen Aufenthalt buchen<\/a><\/div>\n<\/div>\n<\/div><\/section>\n\n\n\n<section class=\"wp-container-69eb89e3aad71 wp-block-group d-05-c\"><div class=\"wp-block-group__inner-container\">\n<div class=\"wp-block-columns\">\n<div class=\"wp-block-column is-vertically-aligned-center\">\n<h2 id=\"vastes-emplacements-de-camping-dans-le-golfe-du-morbihan\">Ausgedehnte Campingpl\u00e4tze am Golf von Morbihan<\/h2>\n\n\n\n<p>F\u00fcr unsere franz\u00f6sischen und ausl\u00e4ndischen Urlauber, die traditionelle Campingpl\u00e4tze lieben, bieten wir in der s\u00fcdlichen Bretagne tadellos gepflegte Campingpl\u00e4tze an. Die Vielfalt unserer Parzellen kann sowohl f\u00fcr Radfahrerpaare mit Zelt ohne Fahrzeug als auch f\u00fcr Gro\u00dffamilien mit einem gro\u00dfen Wohnwagen mit Vorzelt geeignet sein. In einer gr\u00fcnen Umgebung findet jeder mit unseren Campingpl\u00e4tzen im Golf von Morbihan sein kleines St\u00fcck vom Paradies. Rasen, B\u00e4ume, Hecken, Platz: Alles ist darauf ausgerichtet, sowohl Wohnmobil- als auch Zelturlaubern die bestm\u00f6gliche Privatsph\u00e4re und ein ideales Outdoor-Erlebnis zu bieten.<br>Genie\u00dfen Sie den besten Service mit drei Sanit\u00e4rbereichen, von denen einer beheizt ist, privaten Sanit\u00e4rkabinen, einem kompletten Waschbereich und Stromanschl\u00fcssen von 10 Ampere auf Ihrem Stellplatz. Um v\u00f6llig unabh\u00e4ngig zu sein, w\u00e4hlen Sie Ihren Campingplatz im Morbihan mit Wasseranschluss, wenn Sie mit dem Wohnwagen reisen! Wohnmobilisten finden auf dem Campingplatz Penboch auch einen eigenen Servicebereich.<\/p>\n\n\n\n<div class=\"wp-container-69eb89e3aa5d9 wp-block-buttons\">\n<div class=\"wp-block-button btn_resa_empl\"><a class=\"wp-block-button__link\">Einen Platz buchen<\/a><\/div>\n\n\n\n<div class=\"wp-block-button is-style-outline\"><a class=\"wp-block-button__link\" href=\"https:\/\/www.camping-penboch.fr\/de\/dienste\/\">Dienstleistungen auf dem Campingplatz<\/a><\/div>\n<\/div>\n<\/div>\n\n\n\n<div class=\"wp-block-column is-vertically-aligned-center\">\n<figure class=\"wp-block-gallery has-nested-images columns-default is-cropped diaporama--1\">\n<figure class=\"wp-block-image size-full\"><img width=\"1000\" height=\"750\" src=\"https:\/\/www.camping-penboch.fr\/wp-content\/uploads\/2022\/06\/IMG_1559.jpg\" alt=\"\" class=\"wp-image-978\" srcset=\"https:\/\/www.camping-penboch.fr\/wp-content\/uploads\/2022\/06\/IMG_1559.jpg 1000w, https:\/\/www.camping-penboch.fr\/wp-content\/uploads\/2022\/06\/IMG_1559-300x225.jpg 300w, https:\/\/www.camping-penboch.fr\/wp-content\/uploads\/2022\/06\/IMG_1559-768x576.jpg 768w\" sizes=\"(max-width: 1000px) 100vw, 1000px\" \/><\/figure>\n\n\n\n<figure class=\"wp-block-image size-large\"><img width=\"1200\" height=\"800\" src=\"https:\/\/www.camping-penboch.fr\/wp-content\/uploads\/2022\/06\/empl_02.jpg\" alt=\"\" class=\"wp-image-987\" srcset=\"https:\/\/www.camping-penboch.fr\/wp-content\/uploads\/2022\/06\/empl_02.jpg 1200w, https:\/\/www.camping-penboch.fr\/wp-content\/uploads\/2022\/06\/empl_02-300x200.jpg 300w, https:\/\/www.camping-penboch.fr\/wp-content\/uploads\/2022\/06\/empl_02-1024x683.jpg 1024w, https:\/\/www.camping-penboch.fr\/wp-content\/uploads\/2022\/06\/empl_02-768x512.jpg 768w\" sizes=\"(max-width: 1200px) 100vw, 1200px\" \/><\/figure>\n\n\n\n<figure class=\"wp-block-image size-large\"><img width=\"1024\" height=\"664\" src=\"https:\/\/www.camping-penboch.fr\/wp-content\/uploads\/2022\/06\/sandra1-338-1024x664.jpg\" alt=\"\" class=\"wp-image-982\" srcset=\"https:\/\/www.camping-penboch.fr\/wp-content\/uploads\/2022\/06\/sandra1-338-1024x664.jpg 1024w, https:\/\/www.camping-penboch.fr\/wp-content\/uploads\/2022\/06\/sandra1-338-300x195.jpg 300w, https:\/\/www.camping-penboch.fr\/wp-content\/uploads\/2022\/06\/sandra1-338-768x498.jpg 768w, https:\/\/www.camping-penboch.fr\/wp-content\/uploads\/2022\/06\/sandra1-338.jpg 1370w\" sizes=\"(max-width: 1024px) 100vw, 1024px\" \/><\/figure>\n<\/figure>\n\n\n\n<div class=\"wp-container-69eb89e3aaa36 wp-block-buttons\">\n<div class=\"wp-block-button btn_galerie\"><a class=\"wp-block-button__link\" href=\"https:\/\/www.camping-penboch.fr\/de\/fotogalerie\/\">Fotogalerie<\/a><\/div>\n<\/div>\n<\/div>\n<\/div>\n<\/div><\/section>\n\n\n\n<section class=\"wp-container-69eb89e3ac3f3 wp-block-group d-00-a\"><div class=\"wp-block-group__inner-container\">\n<div class=\"wp-block-columns\">\n<div class=\"wp-block-column is-vertically-aligned-center\">\n<figure class=\"wp-block-image size-large is-style-default\"><img width=\"1024\" height=\"683\" src=\"https:\/\/www.camping-penboch.fr\/wp-content\/uploads\/2022\/06\/photo-636260740427862734-2-1024x683.jpg\" alt=\"\" class=\"wp-image-994\" srcset=\"https:\/\/www.camping-penboch.fr\/wp-content\/uploads\/2022\/06\/photo-636260740427862734-2-1024x683.jpg 1024w, https:\/\/www.camping-penboch.fr\/wp-content\/uploads\/2022\/06\/photo-636260740427862734-2-300x200.jpg 300w, https:\/\/www.camping-penboch.fr\/wp-content\/uploads\/2022\/06\/photo-636260740427862734-2-768x512.jpg 768w, https:\/\/www.camping-penboch.fr\/wp-content\/uploads\/2022\/06\/photo-636260740427862734-2.jpg 1200w\" sizes=\"(max-width: 1024px) 100vw, 1024px\" \/><\/figure>\n\n\n\n<div class=\"wp-container-69eb89e3ab15f wp-block-buttons\">\n<div class=\"wp-block-button btn_galerie\"><a class=\"wp-block-button__link\" href=\"https:\/\/www.camping-penboch.fr\/de\/fotogalerie\/\">Fotogalerie<\/a><\/div>\n<\/div>\n<\/div>\n\n\n\n<div class=\"wp-block-column is-vertically-aligned-center\">\n<h2 id=\"profitez-des-piscines-et-des-toboggans-aquatiques\">Sehensw\u00fcrdigkeiten in der N\u00e4he Ihres Campingplatzes in der S\u00fcdbretagne<\/h2>\n\n\n\n<div class=\"wp-container-69eb89e3ab599 wp-block-group ligne_pictos\">\n<p><i class=\"fa-solid fa-water-ladder\"><\/i> Innen- &amp; Au\u00dfenpools<\/p>\n\n\n\n<p><i class=\"fa-solid fa-water-arrow-down\"><\/i> Planschbecken<\/p>\n\n\n\n<p><i class=\"fa-solid fa-hot-tub-person\"><\/i> Jacuzzi-Bereich<\/p>\n\n\n\n<p><i class=\"fa-solid fa-person-sledding\"><\/i> Wasserrutschen<\/p>\n<\/div>\n\n\n\n<div style=\"height:50px\" aria-hidden=\"true\" class=\"wp-block-spacer\"><\/div>\n\n\n\n<div class=\"wp-block-group accordeon\"><div class=\"wp-block-group__inner-container\">\n<p><i class=\"fa-solid fa-table-tennis-paddle-ball\"><\/i>  Aktivit\u00e4ten in Morbihan<\/p>\n\n\n\n<div class=\"wp-container-69eb89e3ab966 wp-block-group\"><div class=\"wp-block-group__inner-container\">\n<h3 id=\"decouvrez-les-tresors-du-morbihan\">Entdecken Sie die Sch\u00e4tze des Morbihan<\/h3>\n\n\n\n<p>Buchen Sie Ihren Stellplatz auf einem Campingplatz in der s\u00fcdlichen Bretagne und entdecken Sie die sch\u00f6nsten Orte des Morbihan. Das kleine Meer, wie der Golf von Morbihan auch genannt wird, ist voller Inseln und Inselchen, die es auf einer Kreuzfahrt oder einer einfachen \u00dcberfahrt zu entdecken gilt. Die am Golf gelegene Stadt Vannes ist ein mittelalterliches Juwel, in dessen Gassen Sie sich gerne verlieren werden. Planen Sie auch Wanderungen oder Spazierg\u00e4nge auf der Halbinsel Rhuys in unber\u00fchrter Natur ein: Bei Gelegenheit sollten Sie das Schloss von Suscinio und die Boote von Port Navalo nicht verpassen. Ihr Aufenthalt auf dem Campingplatz Penboch erm\u00f6glicht es Ihnen auch, Auray und den Hafen Saint-Goustan, die Halbinsel Quiberon, die Menhire von Carnac oder das unter Denkmalschutz stehende Dorf Rochefort-en-Terre zu entdecken.<\/p>\n<\/div><\/div>\n<\/div><\/div>\n\n\n\n<div class=\"wp-block-group accordeon\"><div class=\"wp-block-group__inner-container\">\n<p><i class=\"fa-solid fa-blanket\"><\/i>  Rund um den Campingplatz<\/p>\n\n\n\n<div class=\"wp-container-69eb89e3abd2a wp-block-group\"><div class=\"wp-block-group__inner-container\">\n<h3 id=\"faites-le-plein-d-activites-autour-du-camping-penboch\">F\u00fcllen Sie die Aktivit\u00e4ten rund um den Campingplatz Penboch aus<\/h3>\n\n\n\n<p>Die unmittelbare Umgebung des Campingplatzes Penboch bietet sich f\u00fcr zahlreiche Aktivit\u00e4ten im Freien an. Wenn Sie Ihren Campingplatz im Golf von Morbihan buchen, k\u00f6nnen Sie nach Herzenslust das Meer und seine Freuden genie\u00dfen: Angeln, Spazierg\u00e4nge und Erkundung des Meeresbodens bei Ebbe; Schwimmen, Surfen, Kite-Surfen, Paddeln und andere Wassersportarten bei Flut. Ein Aufenthalt im Golf von Morbihan bietet auch die Gelegenheit, zahlreiche Wassersportaktivit\u00e4ten auszu\u00fcben, von der ruhigen Inselrundfahrt bis hin zum Segelkurs. An Land lassen sich die gesch\u00fctzten Naturr\u00e4ume der s\u00fcdlichen Bretagne am besten mit dem Fahrrad oder auf sch\u00f6nen Wanderungen erkunden.<\/p>\n<\/div><\/div>\n<\/div><\/div>\n\n\n\n<div class=\"wp-container-69eb89e3ac0c1 wp-block-buttons\">\n<div class=\"wp-block-button btn_resa\"><a class=\"wp-block-button__link\">Meinen Aufenthalt buchen<\/a><\/div>\n\n\n\n<div class=\"wp-block-button is-style-outline\"><a class=\"wp-block-button__link\" href=\"https:\/\/www.camping-penboch.fr\/de\/freizeit\/\">Aktivit\u00e4ten<\/a><\/div>\n<\/div>\n<\/div>\n<\/div>\n<\/div><\/section>\n","protected":false},"excerpt":{"rendered":"<p>Campingpl\u00e4tze in der S\u00fcdbretagne nahe am Meer Der 4-Sterne-Campingplatz Penboch in Arradon, nur 200 m vom Golf von Morbihan entfernt und in der N\u00e4he von Vannes, bietet Ihnen die Vermietung von Stellpl\u00e4tzen f\u00fcr Zelte, Wohnwagen und Wohnmobile f\u00fcr einen Natururlaub zwischen Land und Meer in der s\u00fcdlichen Bretagne. In einer gr\u00fcnen und gesch\u00fctzten Umgebung empf\u00e4ngt [&hellip;]<\/p>\n","protected":false},"author":1,"featured_media":0,"parent":0,"menu_order":0,"comment_status":"closed","ping_status":"closed","template":"","meta":[],"acf":[],"_links":{"self":[{"href":"https:\/\/www.camping-penboch.fr\/de\/wp-json\/wp\/v2\/pages\/1737"}],"collection":[{"href":"https:\/\/www.camping-penboch.fr\/de\/wp-json\/wp\/v2\/pages"}],"about":[{"href":"https:\/\/www.camping-penboch.fr\/de\/wp-json\/wp\/v2\/types\/page"}],"author":[{"embeddable":true,"href":"https:\/\/www.camping-penboch.fr\/de\/wp-json\/wp\/v2\/users\/1"}],"replies":[{"embeddable":true,"href":"https:\/\/www.camping-penboch.fr\/de\/wp-json\/wp\/v2\/comments?post=1737"}],"version-history":[{"count":0,"href":"https:\/\/www.camping-penboch.fr\/de\/wp-json\/wp\/v2\/pages\/1737\/revisions"}],"wp:attachment":[{"href":"https:\/\/www.camping-penboch.fr\/de\/wp-json\/wp\/v2\/media?parent=1737"}],"curies":[{"name":"wp","href":"https:\/\/api.w.org\/{rel}","templated":true}]}}