{"id":1763,"date":"2022-07-11T10:43:01","date_gmt":"2022-07-11T08:43:01","guid":{"rendered":"https:\/\/www.camping-penboch.fr\/freizeit\/"},"modified":"2022-07-11T10:43:01","modified_gmt":"2022-07-11T08:43:01","slug":"freizeit","status":"publish","type":"page","link":"https:\/\/www.camping-penboch.fr\/de\/freizeit\/","title":{"rendered":"Freizeit"},"content":{"rendered":"\n<section class=\"wp-container-69f5a4de80e04 wp-block-group a-00-a\"><div class=\"wp-block-group__inner-container\">\n<div class=\"wp-block-cover\"><span aria-hidden=\"true\" class=\"has-black-background-color has-background-dim-0 wp-block-cover__gradient-background has-background-dim\"><\/span><img width=\"1440\" height=\"960\" class=\"wp-block-cover__image-background wp-image-832\" alt=\"\" src=\"https:\/\/www.camping-penboch.fr\/wp-content\/uploads\/2022\/06\/sandra1-225.jpg\" style=\"object-position:50% 48%\" data-object-fit=\"cover\" data-object-position=\"50% 48%\" srcset=\"https:\/\/www.camping-penboch.fr\/wp-content\/uploads\/2022\/06\/sandra1-225.jpg 1440w, https:\/\/www.camping-penboch.fr\/wp-content\/uploads\/2022\/06\/sandra1-225-300x200.jpg 300w, https:\/\/www.camping-penboch.fr\/wp-content\/uploads\/2022\/06\/sandra1-225-1024x683.jpg 1024w, https:\/\/www.camping-penboch.fr\/wp-content\/uploads\/2022\/06\/sandra1-225-768x512.jpg 768w\" sizes=\"(max-width: 1440px) 100vw, 1440px\" \/><div class=\"wp-block-cover__inner-container\">\n<h1 class=\"has-text-align-center\"><\/h1>\n<\/div><\/div>\n<\/div><\/section>\n\n<section class=\"wp-container-69f5a4de81556 wp-block-group b-00-a\"><div class=\"wp-block-group__inner-container\">\n<h1 class=\"has-text-align-center\" id=\"mobil-homes-gites-et-emplacements-a-penboch-en-bretagne-sud\">Aktivit\u00e4ten und Freizeitangebote auf Ihrem Campingplatz in Strandn\u00e4he<\/h1>\n\n\n\n<p class=\"has-text-align-center\">Wenn Sie auf unserem strandnahen Campingplatz im Morbihan buchen, profitieren Sie sowohl von den 4-Sterne-Freizeiteinrichtungen an Ihrem Aufenthaltsort als auch von den zahlreichen Aktivit\u00e4ten, die es in der unmittelbaren Umgebung zu entdecken gibt. Zwischen dem Wasserbereich unseres Familiencampingplatzes in der s\u00fcdlichen Bretagne und den Str\u00e4nden des Golfs von Morbihan kommen kleine und gro\u00dfe Badefreunde, Wassersportler und Wasserspiele voll auf ihre Kosten. Auch an Land k\u00f6nnen Sie w\u00e4hrend Ihres Campingurlaubs im Golf von Morbihan viele Spazierg\u00e4nge, Besichtigungen und abwechslungsreiche Freizeitaktivit\u00e4ten unternehmen!<\/p>\n\n\n\n<div class=\"wp-container-69f5a4de81231 wp-block-buttons\">\n<div class=\"wp-block-button btn_resa\"><a class=\"wp-block-button__link\">Meinen Aufenthalt buchen<\/a><\/div>\n\n\n\n<div class=\"wp-block-button is-style-outline\"><a class=\"wp-block-button__link\" href=\"https:\/\/www.camping-penboch.fr\/de\/umgebung\/\">Was kann man in der Umgebung unternehmen?<\/a><\/div>\n<\/div>\n<\/div><\/section>\n\n<section class=\"wp-container-69f5a4de81cdf wp-block-group c-05-b\"><div class=\"wp-block-group__inner-container\">\n<figure class=\"wp-block-gallery has-nested-images columns-default is-cropped\">\n<figure class=\"wp-block-image size-full\"><img width=\"833\" height=\"560\" src=\"https:\/\/www.camping-penboch.fr\/wp-content\/uploads\/2022\/06\/home_activite.jpg\" alt=\"\" class=\"wp-image-662\" srcset=\"https:\/\/www.camping-penboch.fr\/wp-content\/uploads\/2022\/06\/home_activite.jpg 833w, https:\/\/www.camping-penboch.fr\/wp-content\/uploads\/2022\/06\/home_activite-300x202.jpg 300w, https:\/\/www.camping-penboch.fr\/wp-content\/uploads\/2022\/06\/home_activite-768x516.jpg 768w\" sizes=\"(max-width: 833px) 100vw, 833px\" \/><\/figure>\n\n\n<figure class=\"wp-block-image size-large\"><img width=\"1024\" height=\"685\" src=\"https:\/\/www.camping-penboch.fr\/wp-content\/uploads\/2022\/06\/DSC06283-1024x685.jpg\" alt=\"\" class=\"wp-image-784\" srcset=\"https:\/\/www.camping-penboch.fr\/wp-content\/uploads\/2022\/06\/DSC06283-1024x685.jpg 1024w, https:\/\/www.camping-penboch.fr\/wp-content\/uploads\/2022\/06\/DSC06283-300x201.jpg 300w, https:\/\/www.camping-penboch.fr\/wp-content\/uploads\/2022\/06\/DSC06283-768x514.jpg 768w, https:\/\/www.camping-penboch.fr\/wp-content\/uploads\/2022\/06\/DSC06283-1536x1028.jpg 1536w, https:\/\/www.camping-penboch.fr\/wp-content\/uploads\/2022\/06\/DSC06283-2048x1371.jpg 2048w\" sizes=\"(max-width: 1024px) 100vw, 1024px\" \/><\/figure>\n\n\n<figure class=\"wp-block-image size-large\"><img width=\"1024\" height=\"671\" src=\"https:\/\/www.camping-penboch.fr\/wp-content\/uploads\/2022\/06\/sandra1-330-1024x671.jpg\" alt=\"\" class=\"wp-image-836\" srcset=\"https:\/\/www.camping-penboch.fr\/wp-content\/uploads\/2022\/06\/sandra1-330-1024x671.jpg 1024w, https:\/\/www.camping-penboch.fr\/wp-content\/uploads\/2022\/06\/sandra1-330-300x197.jpg 300w, https:\/\/www.camping-penboch.fr\/wp-content\/uploads\/2022\/06\/sandra1-330-768x503.jpg 768w, https:\/\/www.camping-penboch.fr\/wp-content\/uploads\/2022\/06\/sandra1-330.jpg 1364w\" sizes=\"(max-width: 1024px) 100vw, 1024px\" \/><\/figure><\/figure>\n\n\n\n<div class=\"wp-container-69f5a4de819d2 wp-block-buttons\">\n<div class=\"wp-block-button btn_galerie\"><a class=\"wp-block-button__link\" href=\"https:\/\/www.camping-penboch.fr\/de\/fotogalerie\/\">Fotogalerie<\/a><\/div>\n<\/div>\n<\/div><\/section>\n\n<section class=\"wp-container-69f5a4de8285d wp-block-group a-10-a\"><div class=\"wp-block-group__inner-container\">\n<div class=\"wp-block-cover alignfull is-light\"><span aria-hidden=\"true\" class=\"has-primary-background-color has-background-dim-40 wp-block-cover__gradient-background has-background-dim\"><\/span><img width=\"1920\" height=\"1212\" class=\"wp-block-cover__image-background wp-image-878\" alt=\"\" src=\"https:\/\/www.camping-penboch.fr\/wp-content\/uploads\/2022\/06\/activite_enfant.jpg\" style=\"object-position:4% 44%\" data-object-fit=\"cover\" data-object-position=\"4% 44%\" srcset=\"https:\/\/www.camping-penboch.fr\/wp-content\/uploads\/2022\/06\/activite_enfant.jpg 1920w, https:\/\/www.camping-penboch.fr\/wp-content\/uploads\/2022\/06\/activite_enfant-300x189.jpg 300w, https:\/\/www.camping-penboch.fr\/wp-content\/uploads\/2022\/06\/activite_enfant-1024x646.jpg 1024w, https:\/\/www.camping-penboch.fr\/wp-content\/uploads\/2022\/06\/activite_enfant-768x485.jpg 768w, https:\/\/www.camping-penboch.fr\/wp-content\/uploads\/2022\/06\/activite_enfant-1536x970.jpg 1536w\" sizes=\"(max-width: 1920px) 100vw, 1920px\" \/><div class=\"wp-block-cover__inner-container\">\n<div class=\"wp-container-69f5a4de824be wp-block-group has-white-background-color has-background\"><div class=\"wp-block-group__inner-container\">\n<h2 id=\"des-installations-de-qualite-pour-petits-et-grands\">Qualitativ hochwertige Einrichtungen f\u00fcr Gro\u00df und Klein<\/h2>\n\n\n\n<div class=\"wp-container-69f5a4de8211d wp-block-group ligne_pictos\">\n<p><i class=\"fa-solid fa-person-sledding\"><\/i>  Spielplatz f\u00fcr Kinder<\/p>\n\n\n\n<p><i class=\"fa-solid fa-futbol\"><\/i>  Multisportplatz<\/p>\n\n\n\n<p><i class=\"fa-solid fa-water-ladder\"><\/i>  Wasserraum<\/p>\n\n\n\n<p><i class=\"fa-solid fa-person-pinball\"><\/i>  Arcade-Spiele<\/p>\n<\/div>\n\n\n\n<p>Als strandnaher Campingplatz stellt Le Penboch seinen Urlaubern aller Art auch hochwertige Freizeiteinrichtungen zur Verf\u00fcgung. F\u00fcr Kinder gibt es nat\u00fcrlich auch Spielpl\u00e4tze, H\u00fcpfburgen und die Rutschen im Wasserbereich. Auch die Erwachsenen kommen mit unserem Multisportplatz, den Tischtennisplatten, dem Bouleplatz sowie der Arcade-Spielhalle nicht zu kurz.<\/p>\n<\/div><\/div>\n<\/div><\/div>\n<\/div><\/section>\n\n<section class=\"wp-container-69f5a4de83163 wp-block-group d-00-c\"><div class=\"wp-block-group__inner-container\">\n<div class=\"wp-block-columns\">\n<div class=\"wp-block-column is-vertically-aligned-center\">\n<h2 id=\"profitez-des-piscines-et-des-toboggans-aquatiques\">Wassersport und Wasseraktivit\u00e4ten von Ihrem strandnahen Campingplatz aus<\/h2>\n\n\n\n<p>W\u00e4hrend Ihres Aufenthalts auf dem Campingplatz**** de Penboch in Arradon stehen Faulenzen, Sandburgen und Gleitsport auf dem Programm Ihres Urlaubs! Der Campingplatz Penboch liegt ideal am Meer, nur 200 m vom Strand von Penboch entfernt, einem nach S\u00fcdosten ausgerichteten Strand, der bei Familien sehr beliebt ist. Arradon hat zwei weitere Str\u00e4nde: den Strand von Kerbihouet und den Strand von La Carri\u00e8re. Hier vergisst man die gro\u00dfen Sandstr\u00e4nde: Die versteckten Buchten warten auf Sie. An diesen drei Str\u00e4nden k\u00f6nnen Sie sich sonnen und auf Strandt\u00fcchern faulenzen, Sandburgen bauen und mit Murmeln spielen, Beachvolleyball und Beachsoccer spielen&#8230;. Bei Flut k\u00f6nnen Sie in herrlich weichem Wasser baden, bei Ebbe ist es Zeit, Krabben und Muscheln zu fangen.<\/p>\n\n\n\n<p>Sportler und Sensationshungrige, Anf\u00e4nger oder Fortgeschrittene, es gibt eine gro\u00dfe Auswahl an Wassersportaktivit\u00e4ten: Segeln, Surfen, Tauchen, Strandsegeln, Windsurfen, Kitesurfen, Seekajak und andere Gleitsportarten&#8230; Der  Das <a rel=\"noreferrer noopener\" href=\"http:\/\/www.centre-nautique-arradon.com\/\" target=\"_blank\">Centre Nautique d&#8217;Arradon<\/a> empf\u00e4ngt Sie, um Ihnen die Freude am Segeln im Golf von Morbihan zu vermitteln. In jedem ungeraden Jahr wird der Golf von Morbihan zum gr\u00f6\u00dften Schaufenster f\u00fcr die sch\u00f6nsten Segel der Welt: die  <a rel=\"noreferrer noopener\" href=\"http:\/\/www.semainedugolfe.com\/\" target=\"_blank\">Semaine du Golfe du Morbihan<\/a> l\u00e4dt die sch\u00f6nsten Takelagen aus ganz Europa ein, in einer der sch\u00f6nsten Buchten der Welt zu segeln und in rund 15 festlich geschm\u00fcckten H\u00e4fen anzulegen.<\/p>\n<\/div>\n\n\n\n<div class=\"wp-block-column is-vertically-aligned-center\">\n<figure class=\"wp-block-gallery has-nested-images columns-default is-cropped diaporama--1\">\n<figure class=\"wp-block-image size-large\"><img width=\"1024\" height=\"662\" src=\"https:\/\/www.camping-penboch.fr\/wp-content\/uploads\/2022\/06\/sandra1-364-1024x662.jpg\" alt=\"\" class=\"wp-image-847\" srcset=\"https:\/\/www.camping-penboch.fr\/wp-content\/uploads\/2022\/06\/sandra1-364-1024x662.jpg 1024w, https:\/\/www.camping-penboch.fr\/wp-content\/uploads\/2022\/06\/sandra1-364-300x194.jpg 300w, https:\/\/www.camping-penboch.fr\/wp-content\/uploads\/2022\/06\/sandra1-364-768x497.jpg 768w, https:\/\/www.camping-penboch.fr\/wp-content\/uploads\/2022\/06\/sandra1-364.jpg 1351w\" sizes=\"(max-width: 1024px) 100vw, 1024px\" \/><\/figure>\n\n\n<figure class=\"wp-block-image size-large\"><img width=\"1024\" height=\"661\" src=\"https:\/\/www.camping-penboch.fr\/wp-content\/uploads\/2022\/06\/Photo-366-1024x661.jpg\" alt=\"\" class=\"wp-image-842\" srcset=\"https:\/\/www.camping-penboch.fr\/wp-content\/uploads\/2022\/06\/Photo-366-1024x661.jpg 1024w, https:\/\/www.camping-penboch.fr\/wp-content\/uploads\/2022\/06\/Photo-366-300x194.jpg 300w, https:\/\/www.camping-penboch.fr\/wp-content\/uploads\/2022\/06\/Photo-366-768x496.jpg 768w, https:\/\/www.camping-penboch.fr\/wp-content\/uploads\/2022\/06\/Photo-366.jpg 1345w\" sizes=\"(max-width: 1024px) 100vw, 1024px\" \/><\/figure>\n\n\n<figure class=\"wp-block-image size-large\"><img width=\"1024\" height=\"662\" src=\"https:\/\/www.camping-penboch.fr\/wp-content\/uploads\/2022\/06\/sandra1-375-1024x662.jpg\" alt=\"\" class=\"wp-image-860\" srcset=\"https:\/\/www.camping-penboch.fr\/wp-content\/uploads\/2022\/06\/sandra1-375-1024x662.jpg 1024w, https:\/\/www.camping-penboch.fr\/wp-content\/uploads\/2022\/06\/sandra1-375-300x194.jpg 300w, https:\/\/www.camping-penboch.fr\/wp-content\/uploads\/2022\/06\/sandra1-375-768x496.jpg 768w, https:\/\/www.camping-penboch.fr\/wp-content\/uploads\/2022\/06\/sandra1-375.jpg 1345w\" sizes=\"(max-width: 1024px) 100vw, 1024px\" \/><\/figure><\/figure>\n\n\n\n<div class=\"wp-container-69f5a4de82dbd wp-block-buttons\">\n<div class=\"wp-block-button btn_galerie\"><a class=\"wp-block-button__link\" href=\"https:\/\/www.camping-penboch.fr\/de\/fotogalerie\/\">Fotogalerie<\/a><\/div>\n<\/div>\n<\/div>\n<\/div>\n<\/div><\/section>\n","protected":false},"excerpt":{"rendered":"<p>Aktivit\u00e4ten und Freizeitangebote auf Ihrem Campingplatz in Strandn\u00e4he Wenn Sie auf unserem strandnahen Campingplatz im Morbihan buchen, profitieren Sie sowohl von den 4-Sterne-Freizeiteinrichtungen an Ihrem Aufenthaltsort als auch von den zahlreichen Aktivit\u00e4ten, die es in der unmittelbaren Umgebung zu entdecken gibt. Zwischen dem Wasserbereich unseres Familiencampingplatzes in der s\u00fcdlichen Bretagne und den Str\u00e4nden des Golfs [&hellip;]<\/p>\n","protected":false},"author":1,"featured_media":0,"parent":0,"menu_order":0,"comment_status":"closed","ping_status":"closed","template":"","meta":[],"acf":[],"_links":{"self":[{"href":"https:\/\/www.camping-penboch.fr\/de\/wp-json\/wp\/v2\/pages\/1763"}],"collection":[{"href":"https:\/\/www.camping-penboch.fr\/de\/wp-json\/wp\/v2\/pages"}],"about":[{"href":"https:\/\/www.camping-penboch.fr\/de\/wp-json\/wp\/v2\/types\/page"}],"author":[{"embeddable":true,"href":"https:\/\/www.camping-penboch.fr\/de\/wp-json\/wp\/v2\/users\/1"}],"replies":[{"embeddable":true,"href":"https:\/\/www.camping-penboch.fr\/de\/wp-json\/wp\/v2\/comments?post=1763"}],"version-history":[{"count":0,"href":"https:\/\/www.camping-penboch.fr\/de\/wp-json\/wp\/v2\/pages\/1763\/revisions"}],"wp:attachment":[{"href":"https:\/\/www.camping-penboch.fr\/de\/wp-json\/wp\/v2\/media?parent=1763"}],"curies":[{"name":"wp","href":"https:\/\/api.w.org\/{rel}","templated":true}]}}