{"id":1797,"date":"2022-07-11T10:49:42","date_gmt":"2022-07-11T08:49:42","guid":{"rendered":"https:\/\/www.camping-penboch.fr\/dienste\/"},"modified":"2022-07-11T10:49:42","modified_gmt":"2022-07-11T08:49:42","slug":"dienste","status":"publish","type":"page","link":"https:\/\/www.camping-penboch.fr\/de\/dienste\/","title":{"rendered":"Dienste"},"content":{"rendered":"\n<section class=\"wp-container-69f55a44e3381 wp-block-group a-00-a\"><div class=\"wp-block-group__inner-container\">\n<div class=\"wp-block-cover is-light\"><span aria-hidden=\"true\" class=\"has-black-background-color has-background-dim-0 wp-block-cover__gradient-background has-background-dim\"><\/span><img width=\"1272\" height=\"800\" class=\"wp-block-cover__image-background wp-image-889\" alt=\"\" src=\"https:\/\/www.camping-penboch.fr\/wp-content\/uploads\/2022\/06\/header_services.jpg\" style=\"object-position:50% 42%\" data-object-fit=\"cover\" data-object-position=\"50% 42%\" srcset=\"https:\/\/www.camping-penboch.fr\/wp-content\/uploads\/2022\/06\/header_services.jpg 1272w, https:\/\/www.camping-penboch.fr\/wp-content\/uploads\/2022\/06\/header_services-300x189.jpg 300w, https:\/\/www.camping-penboch.fr\/wp-content\/uploads\/2022\/06\/header_services-1024x644.jpg 1024w, https:\/\/www.camping-penboch.fr\/wp-content\/uploads\/2022\/06\/header_services-768x483.jpg 768w\" sizes=\"(max-width: 1272px) 100vw, 1272px\" \/><div class=\"wp-block-cover__inner-container\">\n<h1 class=\"has-text-align-center\"><\/h1>\n<\/div><\/div>\n<\/div><\/section>\n\n<section class=\"wp-container-69f55a44e41c5 wp-block-group d-00-a\"><div class=\"wp-block-group__inner-container\">\n<div class=\"wp-block-columns\">\n<div class=\"wp-block-column is-vertically-aligned-center\">\n<figure class=\"wp-block-image size-large is-style-default\"><img width=\"1024\" height=\"644\" src=\"https:\/\/www.camping-penboch.fr\/wp-content\/uploads\/2022\/06\/srv01-1024x644.jpg\" alt=\"\" class=\"wp-image-903\" srcset=\"https:\/\/www.camping-penboch.fr\/wp-content\/uploads\/2022\/06\/srv01-1024x644.jpg 1024w, https:\/\/www.camping-penboch.fr\/wp-content\/uploads\/2022\/06\/srv01-300x189.jpg 300w, https:\/\/www.camping-penboch.fr\/wp-content\/uploads\/2022\/06\/srv01-768x483.jpg 768w, https:\/\/www.camping-penboch.fr\/wp-content\/uploads\/2022\/06\/srv01.jpg 1272w\" sizes=\"(max-width: 1024px) 100vw, 1024px\" \/><\/figure>\n\n\n<div class=\"wp-container-69f55a44e3766 wp-block-buttons\">\n<div class=\"wp-block-button btn_galerie\"><a class=\"wp-block-button__link\" href=\"https:\/\/www.camping-penboch.fr\/de\/fotogalerie\/\">Fotogalerie<\/a><\/div>\n<\/div>\n<\/div>\n\n\n\n<div class=\"wp-block-column is-vertically-aligned-center\">\n<h1 id=\"profitez-des-piscines-et-des-toboggans-aquatiques\">N\u00fctzliche Dienste, die f\u00fcr Ihren Alltag gedacht sind<\/h1>\n\n\n\n<div class=\"wp-container-69f55a44e3b26 wp-block-group ligne_pictos\">\n<p><i class=\"fa-solid fa-fork-knife\"><\/i>  Restaurant\/Imbiss<\/p>\n\n\n\n<p><i class=\"fa-solid fa-glass-citrus\"><\/i>  Bar<\/p>\n\n\n\n<p><i class=\"fa-solid fa-croissant\"><\/i>  Lebensmittelgesch\u00e4ft<\/p>\n<\/div>\n\n\n\n<p>Als Familiencampingplatz in der s\u00fcdlichen Bretagne stellt die Domaine &#8222;Sites et Paysages&#8220; in Penboch ihren Urlaubern praktische Dienstleistungen zur Verf\u00fcgung. In der Einfachheit sind die Dienstleistungen unseres 4-Sterne-Campingplatzes im Morbihan darauf ausgelegt, Ihren Aufenthalt so komfortabel wie m\u00f6glich zu gestalten. Die Suche nach Nutzen steht im Vordergrund. Da wir kein Campingclub sind, legen wir Wert auf Ihre Ruhe und nicht auf Animationen. Daf\u00fcr sorgen wir daf\u00fcr, dass Sie vor Ort alles finden, was f\u00fcr Ihren Alltag, ganz besonders im Urlaub, wichtig ist: Restaurants, Bars, Minishops, aber auch Tipps und Tricks, um die Region zu entdecken!<\/p>\n\n\n\n<div class=\"wp-container-69f55a44e3eb1 wp-block-buttons\">\n<div class=\"wp-block-button btn_resa\"><a class=\"wp-block-button__link\">Meinen Aufenthalt buchen<\/a><\/div>\n\n\n\n<div class=\"wp-block-button is-style-outline\"><a class=\"wp-block-button__link\" href=\"https:\/\/www.camping-penboch.fr\/de\/standorte\/\">Unsere Standorte<\/a><\/div>\n<\/div>\n<\/div>\n<\/div>\n<\/div><\/section>\n\n<section class=\"wp-container-69f55a44e49cb wp-block-group d-05-a\"><div class=\"wp-block-group__inner-container\">\n<div class=\"wp-block-columns\">\n<div class=\"wp-block-column is-vertically-aligned-center\">\n<h2 id=\"profitez-des-piscines-et-des-toboggans-aquatiques\">Catering-Service, um die Feinschmecker zu befriedigen<\/h2>\n\n\n\n<p>Zu den Dienstleistungen, die Ihnen das Leben erleichtern und Ihren Aufenthalt mit kleinen Freuden versch\u00f6nern sollen, geh\u00f6rt der Campingplatz Penboch, der Sie in der Hochsaison mit professionellen Gastronomen auf dem Gel\u00e4nde verw\u00f6hnt. Ideal f\u00fcr Abwechslung w\u00e4hrend Ihres Campingurlaubs im Morbihan!<\/p>\n\n\n\n<p>Auf dem Programm Ihres Urlaubs im Penboch stehen authentische bretonische Galettes, Pizzas aus dem Holzofen, eine Rotisserie oder auch indische Spezialit\u00e4ten: Leckereien f\u00fcr jeden Geschmack und jede Lust! Mit diesem vielf\u00e4ltigen Catering-Service k\u00f6nnen Sie sich von der Arbeit der Essenszubereitung befreien und leckere Gerichte zu g\u00fcnstigen Preisen miteinander teilen.<\/p>\n\n\n\n<div class=\"wp-container-69f55a44e45dd wp-block-buttons\">\n<div class=\"wp-block-button is-style-outline\"><a class=\"wp-block-button__link\" href=\"https:\/\/www.camping-penboch.fr\/de\/mobilheime\/\">Unsere Mobilheime<\/a><\/div>\n\n\n\n<div class=\"wp-block-button is-style-outline\"><a class=\"wp-block-button__link\" href=\"https:\/\/www.camping-penboch.fr\/de\/unterkuenfte\/\">Unsere Unterk\u00fcnfte<\/a><\/div>\n<\/div>\n<\/div>\n\n\n\n<div class=\"wp-block-column is-vertically-aligned-center\">\n<figure class=\"wp-block-gallery has-nested-images columns-default is-cropped diaporama--1\">\n<figure class=\"wp-block-image size-full\"><img width=\"1200\" height=\"800\" src=\"https:\/\/www.camping-penboch.fr\/wp-content\/uploads\/2022\/06\/photo-636262131684642230-2.jpg\" alt=\"\" class=\"wp-image-923\" srcset=\"https:\/\/www.camping-penboch.fr\/wp-content\/uploads\/2022\/06\/photo-636262131684642230-2.jpg 1200w, https:\/\/www.camping-penboch.fr\/wp-content\/uploads\/2022\/06\/photo-636262131684642230-2-300x200.jpg 300w, https:\/\/www.camping-penboch.fr\/wp-content\/uploads\/2022\/06\/photo-636262131684642230-2-1024x683.jpg 1024w, https:\/\/www.camping-penboch.fr\/wp-content\/uploads\/2022\/06\/photo-636262131684642230-2-768x512.jpg 768w\" sizes=\"(max-width: 1200px) 100vw, 1200px\" \/><\/figure>\n\n\n<figure class=\"wp-block-image size-full\"><img width=\"1199\" height=\"800\" src=\"https:\/\/www.camping-penboch.fr\/wp-content\/uploads\/2022\/06\/photo-636262132136389915-2.jpg\" alt=\"\" class=\"wp-image-927\" srcset=\"https:\/\/www.camping-penboch.fr\/wp-content\/uploads\/2022\/06\/photo-636262132136389915-2.jpg 1199w, https:\/\/www.camping-penboch.fr\/wp-content\/uploads\/2022\/06\/photo-636262132136389915-2-300x200.jpg 300w, https:\/\/www.camping-penboch.fr\/wp-content\/uploads\/2022\/06\/photo-636262132136389915-2-1024x683.jpg 1024w, https:\/\/www.camping-penboch.fr\/wp-content\/uploads\/2022\/06\/photo-636262132136389915-2-768x512.jpg 768w\" sizes=\"(max-width: 1199px) 100vw, 1199px\" \/><\/figure><\/figure>\n<\/div>\n<\/div>\n<\/div><\/section>\n\n<section class=\"wp-container-69f55a44e50cf wp-block-group a-10-a\"><div class=\"wp-block-group__inner-container\">\n<div class=\"wp-block-cover alignfull is-light\"><span aria-hidden=\"true\" class=\"has-primary-background-color wp-block-cover__gradient-background has-background-dim\"><\/span><img width=\"1920\" height=\"1280\" class=\"wp-block-cover__image-background wp-image-937\" alt=\"\" src=\"https:\/\/www.camping-penboch.fr\/wp-content\/uploads\/2022\/06\/bar.jpg\" style=\"object-position:48% 63%\" data-object-fit=\"cover\" data-object-position=\"48% 63%\" srcset=\"https:\/\/www.camping-penboch.fr\/wp-content\/uploads\/2022\/06\/bar.jpg 1920w, https:\/\/www.camping-penboch.fr\/wp-content\/uploads\/2022\/06\/bar-300x200.jpg 300w, https:\/\/www.camping-penboch.fr\/wp-content\/uploads\/2022\/06\/bar-1024x683.jpg 1024w, https:\/\/www.camping-penboch.fr\/wp-content\/uploads\/2022\/06\/bar-768x512.jpg 768w, https:\/\/www.camping-penboch.fr\/wp-content\/uploads\/2022\/06\/bar-1536x1024.jpg 1536w\" sizes=\"(max-width: 1920px) 100vw, 1920px\" \/><div class=\"wp-block-cover__inner-container\">\n<div class=\"wp-container-69f55a44e4d97 wp-block-group has-white-background-color has-background\"><div class=\"wp-block-group__inner-container\">\n<h2 id=\"un-bar-ou-se-rafraichir-et-partager-de-bons-moments\">Eine Bar, in der man sich erfrischen und gute Momente teilen kann<\/h2>\n\n\n\n<p>Was gibt es Sch\u00f6neres, als sich nach einem Nachmittag im Schwimmbad oder am Strand auf der Terrasse mit einem Eis, einem frischen Fruchtsaft oder einem prickelnden Getr\u00e4nk zu erfrischen? Auf unserem Familiencampingplatz in der s\u00fcdlichen Bretagne ist die Bar ein geselliger Ort, an dem man sich morgens im Warmen zu einem Kaffee oder abends auf der Sonnenterrasse zu einem Aperitif treffen kann. Zu jeder Tageszeit k\u00f6nnen Sie sich hier erfrischen und ein paar Worte mit unserem Team wechseln!<\/p>\n\n\n\n<p>Verbringen Sie dank unseres aufmerksamen Service einen unvergesslichen Urlaub: Der Campingplatz Penboch ist der ideale Urlaubsort, um alles in Reichweite zu haben und gleichzeitig eine privilegierte Lage in Bezug auf den Ozean und die Sch\u00e4tze der s\u00fcdlichen Bretagne zu genie\u00dfen.<\/p>\n<\/div><\/div>\n<\/div><\/div>\n<\/div><\/section>\n\n<section class=\"wp-container-69f55a44e5bdf wp-block-group d-00-e\"><div class=\"wp-block-group__inner-container\">\n<div class=\"wp-block-columns\">\n<div class=\"wp-block-column is-vertically-aligned-center\">\n<h2 id=\"profitez-des-piscines-et-des-toboggans-aquatiques\">Ein Minishop f\u00fcr den t\u00e4glichen Einkauf<\/h2>\n\n\n\n<div class=\"wp-container-69f55a44e54cb wp-block-group ligne_pictos\">\n<p><i class=\"fa-solid fa-basket-shopping\"><\/i>  Lebensmittelgesch\u00e4ft<\/p>\n\n\n\n<p><i class=\"fa-solid fa-rv\"><\/i>  Camping-Gas<\/p>\n\n\n\n<p><i class=\"fa-solid fa-baguette\"><\/i>  Brot<\/p>\n\n\n\n<p><i class=\"fa-solid fa-croissant\"><\/i>  Croissants<\/p>\n<\/div>\n\n\n\n<p>Im Urlaub sollte man alle Zw\u00e4nge vergessen k\u00f6nnen, nach seinem eigenen Rhythmus leben und sich um nichts sorgen m\u00fcssen. Um Sie vom l\u00e4stigen Einkaufen und den kleinen t\u00e4glichen Verpflichtungen zu befreien, stellt Ihnen der Campingplatz Penboch einen Minishop zur Verf\u00fcgung, in dem Sie alle Lebensmittel und Non-Food-Produkte finden, die Sie ben\u00f6tigen k\u00f6nnten. Sie m\u00fcssen nicht mehr ins Auto steigen, um Salz oder ein Glas Senf zu kaufen, sich mit Duschgel oder Alufolie einzudecken! Auf Ihrem Campingplatz am Golf von Morbihan liegt das Wichtigste in Reichweite. Brot, Croissants, kleine Campingausr\u00fcstung&#8230; Wir haben an alles gedacht!<\/p>\n\n\n\n<div class=\"wp-container-69f55a44e5827 wp-block-buttons\">\n<div class=\"wp-block-button btn_resa\"><a class=\"wp-block-button__link\">Meinen Aufenthalt buchen<\/a><\/div>\n<\/div>\n<\/div>\n\n\n\n<div class=\"wp-block-column is-vertically-aligned-center\">\n<figure class=\"wp-block-image size-full\"><img width=\"640\" height=\"640\" src=\"https:\/\/www.camping-penboch.fr\/wp-content\/uploads\/2022\/06\/epicerie.jpg\" alt=\"\" class=\"wp-image-943\" srcset=\"https:\/\/www.camping-penboch.fr\/wp-content\/uploads\/2022\/06\/epicerie.jpg 640w, https:\/\/www.camping-penboch.fr\/wp-content\/uploads\/2022\/06\/epicerie-300x300.jpg 300w, https:\/\/www.camping-penboch.fr\/wp-content\/uploads\/2022\/06\/epicerie-150x150.jpg 150w, https:\/\/www.camping-penboch.fr\/wp-content\/uploads\/2022\/06\/epicerie-200x200.jpg 200w, https:\/\/www.camping-penboch.fr\/wp-content\/uploads\/2022\/06\/epicerie-400x400.jpg 400w, https:\/\/www.camping-penboch.fr\/wp-content\/uploads\/2022\/06\/epicerie-500x500.jpg 500w, https:\/\/www.camping-penboch.fr\/wp-content\/uploads\/2022\/06\/epicerie-600x600.jpg 600w\" sizes=\"(max-width: 640px) 100vw, 640px\" \/><\/figure><\/div>\n<\/div>\n<\/div><\/section>\n\n<section class=\"wp-container-69f55a44e627e wp-block-group b-00-a\"><div class=\"wp-block-group__inner-container\">\n<h2 class=\"has-text-align-center\" id=\"mobil-homes-gites-et-emplacements-a-penboch-en-bretagne-sud\">Famili\u00e4re Atmosph\u00e4re auf dem \u00fcberschaubaren Campingplatz in der s\u00fcdlichen Bretagne<\/h2>\n\n\n\n<p class=\"has-text-align-center\">Der Penboch ist ein Familiencampingplatz in der s\u00fcdlichen Bretagne. Er unterscheidet sich von anderen 4-Sterne-Anlagen durch seine Ruhe und den Vorsatz, Ihre Ruhe nicht durch laute Animationen zu st\u00f6ren. Sie k\u00f6nnen jedoch in Ihrem eigenen Tempo und nach Lust und Laune viele Aktivit\u00e4ten unternehmen, dank unserer Sportanlagen, der frei zug\u00e4nglichen Spiele und unseres sch\u00f6nen Wasserparks. Qualitativ hochwertige Dienstleistungen erm\u00f6glichen Ihnen einen ruhigen Aufenthalt, bei dem Sie alles in Reichweite haben: Essen, Erfrischungen, wichtige Produkte. Das Team unseres Campingplatzes mit famili\u00e4rer Atmosph\u00e4re ist auch da, um Ihnen etwas \u00fcber die Region zu erz\u00e4hlen, Sie bei Ihren Besuchen zu beraten und Ihnen Aktivit\u00e4ten in der N\u00e4he vorzuschlagen. Auch das ist der Sinn eines 4-Sterne-Service!<\/p>\n\n\n\n<div class=\"wp-container-69f55a44e5f86 wp-block-buttons\">\n<div class=\"wp-block-button is-style-outline\"><a class=\"wp-block-button__link\" href=\"https:\/\/www.camping-penboch.fr\/de\/umgebung\/\">Was kann man in der Umgebung unternehmen?<\/a><\/div>\n<\/div>\n<\/div><\/section>\n","protected":false},"excerpt":{"rendered":"<p>N\u00fctzliche Dienste, die f\u00fcr Ihren Alltag gedacht sind Restaurant\/Imbiss Bar Lebensmittelgesch\u00e4ft Als Familiencampingplatz in der s\u00fcdlichen Bretagne stellt die Domaine &#8222;Sites et Paysages&#8220; in Penboch ihren Urlaubern praktische Dienstleistungen zur Verf\u00fcgung. In der Einfachheit sind die Dienstleistungen unseres 4-Sterne-Campingplatzes im Morbihan darauf ausgelegt, Ihren Aufenthalt so komfortabel wie m\u00f6glich zu gestalten. Die Suche nach Nutzen [&hellip;]<\/p>\n","protected":false},"author":1,"featured_media":0,"parent":0,"menu_order":0,"comment_status":"closed","ping_status":"closed","template":"","meta":[],"acf":[],"_links":{"self":[{"href":"https:\/\/www.camping-penboch.fr\/de\/wp-json\/wp\/v2\/pages\/1797"}],"collection":[{"href":"https:\/\/www.camping-penboch.fr\/de\/wp-json\/wp\/v2\/pages"}],"about":[{"href":"https:\/\/www.camping-penboch.fr\/de\/wp-json\/wp\/v2\/types\/page"}],"author":[{"embeddable":true,"href":"https:\/\/www.camping-penboch.fr\/de\/wp-json\/wp\/v2\/users\/1"}],"replies":[{"embeddable":true,"href":"https:\/\/www.camping-penboch.fr\/de\/wp-json\/wp\/v2\/comments?post=1797"}],"version-history":[{"count":0,"href":"https:\/\/www.camping-penboch.fr\/de\/wp-json\/wp\/v2\/pages\/1797\/revisions"}],"wp:attachment":[{"href":"https:\/\/www.camping-penboch.fr\/de\/wp-json\/wp\/v2\/media?parent=1797"}],"curies":[{"name":"wp","href":"https:\/\/api.w.org\/{rel}","templated":true}]}}