{"id":1757,"date":"2022-07-11T10:42:30","date_gmt":"2022-07-11T08:42:30","guid":{"rendered":"https:\/\/www.camping-penboch.fr\/lodging\/"},"modified":"2022-07-11T11:34:53","modified_gmt":"2022-07-11T09:34:53","slug":"lodging","status":"publish","type":"page","link":"https:\/\/www.camping-penboch.fr\/en\/lodging\/","title":{"rendered":"Lodging"},"content":{"rendered":"\n<div class=\"wp-container-69f10430e1478 wp-block-group a-00-a\"><div class=\"wp-block-group__inner-container\">\n<div class=\"wp-block-cover is-light\"><span aria-hidden=\"true\" class=\"has-black-background-color has-background-dim-0 wp-block-cover__gradient-background has-background-dim\"><\/span><img width=\"1203\" height=\"800\" class=\"wp-block-cover__image-background wp-image-1279\" alt=\"\" src=\"https:\/\/www.camping-penboch.fr\/wp-content\/uploads\/2022\/06\/photo-636259856024357362-2.jpg\" style=\"object-position:51% 63%\" data-object-fit=\"cover\" data-object-position=\"51% 63%\" srcset=\"https:\/\/www.camping-penboch.fr\/wp-content\/uploads\/2022\/06\/photo-636259856024357362-2.jpg 1203w, https:\/\/www.camping-penboch.fr\/wp-content\/uploads\/2022\/06\/photo-636259856024357362-2-300x200.jpg 300w, https:\/\/www.camping-penboch.fr\/wp-content\/uploads\/2022\/06\/photo-636259856024357362-2-1024x681.jpg 1024w, https:\/\/www.camping-penboch.fr\/wp-content\/uploads\/2022\/06\/photo-636259856024357362-2-768x511.jpg 768w\" sizes=\"(max-width: 1203px) 100vw, 1203px\" \/><div class=\"wp-block-cover__inner-container\">\n<h1 class=\"has-text-align-center\"><\/h1>\n<\/div><\/div>\n<\/div><\/div>\n\n\n\n<section class=\"wp-container-69f10430e1b7a wp-block-group b-00-a\"><div class=\"wp-block-group__inner-container\">\n<h1 class=\"has-text-align-center\" id=\"des-gites-3-epis-pour-des-vacances-authentiques-en-bretagne-sud\">3 ears of corn cottages for authentic vacations in South Brittany<\/h1>\n\n\n\n<p class=\"has-text-align-center\">In a typical Breton farmhouse, our 6 g\u00eetes de France welcome you for vacations between land and sea, close to the Gulf of Morbihan, Vannes and Auray. Comfortable and fully equipped, they ensure a successful stay with family or friends all year round. The g\u00eetes are located 300 m from the sea, in the regional natural park of the Gulf of Morbihan. An ideal place to spend a vacation in a privileged setting.<\/p>\n\n\n\n<div class=\"wp-container-69f10430e187f wp-block-buttons\">\n<div class=\"wp-block-button btn_resa_loc\"><a class=\"wp-block-button__link\">Book my stay<\/a><\/div>\n<\/div>\n<\/div><\/section>\n\n\n<section class=\"liste_heb\"><a href=\"https:\/\/www.camping-penboch.fr\/en\/locations\/lodging-lhermine\/\" class=\"heb\"><p>Lodging l'Hermine<\/p><img width=\"1066\" height=\"800\" src=\"https:\/\/www.camping-penboch.fr\/wp-content\/uploads\/2022\/06\/photo-635309207404160971-1.jpg\" class=\"attachment-post-thumbnail size-post-thumbnail wp-post-image\" alt=\"\" loading=\"lazy\" srcset=\"https:\/\/www.camping-penboch.fr\/wp-content\/uploads\/2022\/06\/photo-635309207404160971-1.jpg 1066w, https:\/\/www.camping-penboch.fr\/wp-content\/uploads\/2022\/06\/photo-635309207404160971-1-300x225.jpg 300w, https:\/\/www.camping-penboch.fr\/wp-content\/uploads\/2022\/06\/photo-635309207404160971-1-1024x768.jpg 1024w, https:\/\/www.camping-penboch.fr\/wp-content\/uploads\/2022\/06\/photo-635309207404160971-1-768x576.jpg 768w\" sizes=\"(max-width: 1066px) 100vw, 1066px\" \/><\/a><a href=\"https:\/\/www.camping-penboch.fr\/en\/locations\/lodging-the-press\/\" class=\"heb\"><p>Lodging Le Pressoir<\/p><img width=\"1203\" height=\"800\" src=\"https:\/\/www.camping-penboch.fr\/wp-content\/uploads\/2022\/06\/photo-636259856024357362-2.jpg\" class=\"attachment-post-thumbnail size-post-thumbnail wp-post-image\" alt=\"\" loading=\"lazy\" srcset=\"https:\/\/www.camping-penboch.fr\/wp-content\/uploads\/2022\/06\/photo-636259856024357362-2.jpg 1203w, https:\/\/www.camping-penboch.fr\/wp-content\/uploads\/2022\/06\/photo-636259856024357362-2-300x200.jpg 300w, https:\/\/www.camping-penboch.fr\/wp-content\/uploads\/2022\/06\/photo-636259856024357362-2-1024x681.jpg 1024w, https:\/\/www.camping-penboch.fr\/wp-content\/uploads\/2022\/06\/photo-636259856024357362-2-768x511.jpg 768w\" sizes=\"(max-width: 1203px) 100vw, 1203px\" \/><\/a><a href=\"https:\/\/www.camping-penboch.fr\/en\/locations\/lodging-the-cormoran\/\" class=\"heb\"><p>Lodging The Cormoran<\/p><img width=\"1066\" height=\"800\" src=\"https:\/\/www.camping-penboch.fr\/wp-content\/uploads\/2022\/06\/photo-636285824140665527-2.jpg\" class=\"attachment-post-thumbnail size-post-thumbnail wp-post-image\" alt=\"\" loading=\"lazy\" srcset=\"https:\/\/www.camping-penboch.fr\/wp-content\/uploads\/2022\/06\/photo-636285824140665527-2.jpg 1066w, https:\/\/www.camping-penboch.fr\/wp-content\/uploads\/2022\/06\/photo-636285824140665527-2-300x225.jpg 300w, https:\/\/www.camping-penboch.fr\/wp-content\/uploads\/2022\/06\/photo-636285824140665527-2-1024x768.jpg 1024w, https:\/\/www.camping-penboch.fr\/wp-content\/uploads\/2022\/06\/photo-636285824140665527-2-768x576.jpg 768w\" sizes=\"(max-width: 1066px) 100vw, 1066px\" \/><\/a><a href=\"https:\/\/www.camping-penboch.fr\/en\/locations\/lodging-the-glenans\/\" class=\"heb\"><p>Lodging The Gl\u00e9nans<\/p><img width=\"1066\" height=\"800\" src=\"https:\/\/www.camping-penboch.fr\/wp-content\/uploads\/2022\/06\/photo-636259852861765450-2.jpg\" class=\"attachment-post-thumbnail size-post-thumbnail wp-post-image\" alt=\"\" loading=\"lazy\" srcset=\"https:\/\/www.camping-penboch.fr\/wp-content\/uploads\/2022\/06\/photo-636259852861765450-2.jpg 1066w, https:\/\/www.camping-penboch.fr\/wp-content\/uploads\/2022\/06\/photo-636259852861765450-2-300x225.jpg 300w, https:\/\/www.camping-penboch.fr\/wp-content\/uploads\/2022\/06\/photo-636259852861765450-2-1024x768.jpg 1024w, https:\/\/www.camping-penboch.fr\/wp-content\/uploads\/2022\/06\/photo-636259852861765450-2-768x576.jpg 768w\" sizes=\"(max-width: 1066px) 100vw, 1066px\" \/><\/a><a href=\"https:\/\/www.camping-penboch.fr\/en\/locations\/lodging-beautiful-island\/\" class=\"heb\"><p>Lodging Beautiful Island<\/p><img width=\"1066\" height=\"800\" src=\"https:\/\/www.camping-penboch.fr\/wp-content\/uploads\/2022\/06\/photo-636285822005475781-2.jpg\" class=\"attachment-post-thumbnail size-post-thumbnail wp-post-image\" alt=\"\" loading=\"lazy\" srcset=\"https:\/\/www.camping-penboch.fr\/wp-content\/uploads\/2022\/06\/photo-636285822005475781-2.jpg 1066w, https:\/\/www.camping-penboch.fr\/wp-content\/uploads\/2022\/06\/photo-636285822005475781-2-300x225.jpg 300w, https:\/\/www.camping-penboch.fr\/wp-content\/uploads\/2022\/06\/photo-636285822005475781-2-1024x768.jpg 1024w, https:\/\/www.camping-penboch.fr\/wp-content\/uploads\/2022\/06\/photo-636285822005475781-2-768x576.jpg 768w\" sizes=\"(max-width: 1066px) 100vw, 1066px\" \/><\/a><a href=\"https:\/\/www.camping-penboch.fr\/en\/locations\/lodging-the-lighthouse\/\" class=\"heb\"><p>Lodging The Lighthouse<\/p><img width=\"1066\" height=\"800\" src=\"https:\/\/www.camping-penboch.fr\/wp-content\/uploads\/2022\/06\/photo-636259858845084241-2.jpg\" class=\"attachment-post-thumbnail size-post-thumbnail wp-post-image\" alt=\"\" loading=\"lazy\" srcset=\"https:\/\/www.camping-penboch.fr\/wp-content\/uploads\/2022\/06\/photo-636259858845084241-2.jpg 1066w, https:\/\/www.camping-penboch.fr\/wp-content\/uploads\/2022\/06\/photo-636259858845084241-2-300x225.jpg 300w, https:\/\/www.camping-penboch.fr\/wp-content\/uploads\/2022\/06\/photo-636259858845084241-2-1024x768.jpg 1024w, https:\/\/www.camping-penboch.fr\/wp-content\/uploads\/2022\/06\/photo-636259858845084241-2-768x576.jpg 768w\" sizes=\"(max-width: 1066px) 100vw, 1066px\" \/><\/a><\/section>\n\n\n\n<section class=\"wp-container-69f10430e28dc wp-block-group d-05-a\"><div class=\"wp-block-group__inner-container\">\n<div class=\"wp-block-columns\">\n<div class=\"wp-block-column is-vertically-aligned-center\">\n<h2 id=\"decouvrez-nos-gites-de-france-en-bretagne-sud\">Discover our g\u00eetes de France in South Brittany<\/h2>\n\n\n\n<p>Spend a 100% Breton stay in a typical granite farmhouse, with a garden full of hydrangeas and a few steps from the sea! With 6 g\u00eetes de France classified 3 \u00e9pis to rent in any season, the Penboch campsite assures you a charming vacation in Brittany. Our g\u00eetes de France in Southern Brittany include a small 2-person g\u00eete, ideal for romantic vacations by the sea, a 4-person g\u00eete (two bedrooms), two 5-person g\u00eetes and two 6-person g\u00eetes.<\/p>\n\n\n\n<p>Each house is spacious, bright, tastefully decorated and fully equipped. Renting a cottage in Morbihan is the ideal solution if you wish to take advantage of a real large kitchen and dining room, plenty of storage space, practical equipment such as a washing machine, ironing board and iron, and finally privileged outdoor spaces, with a private terrace and a large common garden equipped with games for children.<\/p>\n\n\n\n<div class=\"wp-container-69f10430e208a wp-block-buttons\">\n<div class=\"wp-block-button btn_resa_loc\"><a class=\"wp-block-button__link\">Book my stay<\/a><\/div>\n\n\n\n<div class=\"wp-block-button is-style-outline\"><a class=\"wp-block-button__link\" href=\"https:\/\/www.camping-penboch.fr\/en\/leisure\/\">Activities at the campsite<\/a><\/div>\n<\/div>\n<\/div>\n\n\n\n<div class=\"wp-block-column is-vertically-aligned-center\">\n<figure class=\"wp-block-gallery has-nested-images columns-8 is-cropped diaporama--1\">\n<figure class=\"wp-block-image size-large\"><img width=\"1066\" height=\"800\" src=\"https:\/\/www.camping-penboch.fr\/wp-content\/uploads\/2022\/06\/photo-636259858845084241-2.jpg\" alt=\"\" class=\"wp-image-1351\" srcset=\"https:\/\/www.camping-penboch.fr\/wp-content\/uploads\/2022\/06\/photo-636259858845084241-2.jpg 1066w, https:\/\/www.camping-penboch.fr\/wp-content\/uploads\/2022\/06\/photo-636259858845084241-2-300x225.jpg 300w, https:\/\/www.camping-penboch.fr\/wp-content\/uploads\/2022\/06\/photo-636259858845084241-2-1024x768.jpg 1024w, https:\/\/www.camping-penboch.fr\/wp-content\/uploads\/2022\/06\/photo-636259858845084241-2-768x576.jpg 768w\" sizes=\"(max-width: 1066px) 100vw, 1066px\" \/><\/figure>\n\n\n\n<figure class=\"wp-block-image size-large\"><img width=\"1196\" height=\"800\" src=\"https:\/\/www.camping-penboch.fr\/wp-content\/uploads\/2022\/06\/photo-636259858528122919-2.jpg\" alt=\"\" class=\"wp-image-1347\" srcset=\"https:\/\/www.camping-penboch.fr\/wp-content\/uploads\/2022\/06\/photo-636259858528122919-2.jpg 1196w, https:\/\/www.camping-penboch.fr\/wp-content\/uploads\/2022\/06\/photo-636259858528122919-2-300x201.jpg 300w, https:\/\/www.camping-penboch.fr\/wp-content\/uploads\/2022\/06\/photo-636259858528122919-2-1024x685.jpg 1024w, https:\/\/www.camping-penboch.fr\/wp-content\/uploads\/2022\/06\/photo-636259858528122919-2-768x514.jpg 768w\" sizes=\"(max-width: 1196px) 100vw, 1196px\" \/><\/figure>\n\n\n\n<figure class=\"wp-block-image size-large\"><img width=\"1066\" height=\"800\" src=\"https:\/\/www.camping-penboch.fr\/wp-content\/uploads\/2022\/06\/photo-636285822005475781-2.jpg\" alt=\"\" class=\"wp-image-1329\" srcset=\"https:\/\/www.camping-penboch.fr\/wp-content\/uploads\/2022\/06\/photo-636285822005475781-2.jpg 1066w, https:\/\/www.camping-penboch.fr\/wp-content\/uploads\/2022\/06\/photo-636285822005475781-2-300x225.jpg 300w, https:\/\/www.camping-penboch.fr\/wp-content\/uploads\/2022\/06\/photo-636285822005475781-2-1024x768.jpg 1024w, https:\/\/www.camping-penboch.fr\/wp-content\/uploads\/2022\/06\/photo-636285822005475781-2-768x576.jpg 768w\" sizes=\"(max-width: 1066px) 100vw, 1066px\" \/><\/figure>\n\n\n\n<figure class=\"wp-block-image size-large\"><img width=\"1066\" height=\"800\" src=\"https:\/\/www.camping-penboch.fr\/wp-content\/uploads\/2022\/06\/photo-636259855007062884-2.jpg\" alt=\"\" class=\"wp-image-1323\" srcset=\"https:\/\/www.camping-penboch.fr\/wp-content\/uploads\/2022\/06\/photo-636259855007062884-2.jpg 1066w, https:\/\/www.camping-penboch.fr\/wp-content\/uploads\/2022\/06\/photo-636259855007062884-2-300x225.jpg 300w, https:\/\/www.camping-penboch.fr\/wp-content\/uploads\/2022\/06\/photo-636259855007062884-2-1024x768.jpg 1024w, https:\/\/www.camping-penboch.fr\/wp-content\/uploads\/2022\/06\/photo-636259855007062884-2-768x576.jpg 768w\" sizes=\"(max-width: 1066px) 100vw, 1066px\" \/><\/figure>\n\n\n\n<figure class=\"wp-block-image size-large\"><img width=\"1066\" height=\"800\" src=\"https:\/\/www.camping-penboch.fr\/wp-content\/uploads\/2022\/06\/photo-636285823210291346-2.jpg\" alt=\"\" class=\"wp-image-1301\" srcset=\"https:\/\/www.camping-penboch.fr\/wp-content\/uploads\/2022\/06\/photo-636285823210291346-2.jpg 1066w, https:\/\/www.camping-penboch.fr\/wp-content\/uploads\/2022\/06\/photo-636285823210291346-2-300x225.jpg 300w, https:\/\/www.camping-penboch.fr\/wp-content\/uploads\/2022\/06\/photo-636285823210291346-2-1024x768.jpg 1024w, https:\/\/www.camping-penboch.fr\/wp-content\/uploads\/2022\/06\/photo-636285823210291346-2-768x576.jpg 768w\" sizes=\"(max-width: 1066px) 100vw, 1066px\" \/><\/figure>\n\n\n\n<figure class=\"wp-block-image size-large\"><img width=\"1066\" height=\"800\" src=\"https:\/\/www.camping-penboch.fr\/wp-content\/uploads\/2022\/06\/photo-636458622398094456-2.jpg\" alt=\"\" class=\"wp-image-1265\" srcset=\"https:\/\/www.camping-penboch.fr\/wp-content\/uploads\/2022\/06\/photo-636458622398094456-2.jpg 1066w, https:\/\/www.camping-penboch.fr\/wp-content\/uploads\/2022\/06\/photo-636458622398094456-2-300x225.jpg 300w, https:\/\/www.camping-penboch.fr\/wp-content\/uploads\/2022\/06\/photo-636458622398094456-2-1024x768.jpg 1024w, https:\/\/www.camping-penboch.fr\/wp-content\/uploads\/2022\/06\/photo-636458622398094456-2-768x576.jpg 768w\" sizes=\"(max-width: 1066px) 100vw, 1066px\" \/><\/figure>\n\n\n\n<figure class=\"wp-block-image size-large\"><img width=\"1136\" height=\"800\" src=\"https:\/\/www.camping-penboch.fr\/wp-content\/uploads\/2022\/06\/photo-636458622133061057-2.jpg\" alt=\"\" class=\"wp-image-1253\" srcset=\"https:\/\/www.camping-penboch.fr\/wp-content\/uploads\/2022\/06\/photo-636458622133061057-2.jpg 1136w, https:\/\/www.camping-penboch.fr\/wp-content\/uploads\/2022\/06\/photo-636458622133061057-2-300x211.jpg 300w, https:\/\/www.camping-penboch.fr\/wp-content\/uploads\/2022\/06\/photo-636458622133061057-2-1024x721.jpg 1024w, https:\/\/www.camping-penboch.fr\/wp-content\/uploads\/2022\/06\/photo-636458622133061057-2-768x541.jpg 768w\" sizes=\"(max-width: 1136px) 100vw, 1136px\" \/><\/figure>\n<\/figure>\n\n\n\n<div class=\"wp-container-69f10430e25a4 wp-block-buttons\">\n<div class=\"wp-block-button btn_galerie\"><a class=\"wp-block-button__link\" href=\"https:\/\/www.camping-penboch.fr\/en\/photo-gallery\/\">Photo gallery<\/a><\/div>\n<\/div>\n<\/div>\n<\/div>\n<\/div><\/section>\n\n\n\n<section class=\"wp-container-69f10430e4185 wp-block-group d-00-a\"><div class=\"wp-block-group__inner-container\">\n<div class=\"wp-block-columns\">\n<div class=\"wp-block-column is-vertically-aligned-center\">\n<figure class=\"wp-block-image size-large is-style-default\"><img width=\"1024\" height=\"768\" src=\"https:\/\/www.camping-penboch.fr\/wp-content\/uploads\/2022\/06\/photo-636260721473167578-2-1024x768.jpg\" alt=\"\" class=\"wp-image-1116\" srcset=\"https:\/\/www.camping-penboch.fr\/wp-content\/uploads\/2022\/06\/photo-636260721473167578-2-1024x768.jpg 1024w, https:\/\/www.camping-penboch.fr\/wp-content\/uploads\/2022\/06\/photo-636260721473167578-2-300x225.jpg 300w, https:\/\/www.camping-penboch.fr\/wp-content\/uploads\/2022\/06\/photo-636260721473167578-2-768x576.jpg 768w, https:\/\/www.camping-penboch.fr\/wp-content\/uploads\/2022\/06\/photo-636260721473167578-2.jpg 1066w\" sizes=\"(max-width: 1024px) 100vw, 1024px\" \/><\/figure>\n\n\n\n<div class=\"wp-container-69f10430e2caf wp-block-buttons\">\n<div class=\"wp-block-button btn_galerie\"><a class=\"wp-block-button__link\" href=\"https:\/\/www.camping-penboch.fr\/en\/photo-gallery\/\">Photo gallery<\/a><\/div>\n<\/div>\n<\/div>\n\n\n\n<div class=\"wp-block-column is-vertically-aligned-center\">\n<h2 id=\"profitez-des-piscines-et-des-toboggans-aquatiques\">Our other vacation accommodations in Morbihan<\/h2>\n\n\n\n<p>We offer you many solutions for accommodation during your vacations at camping Penboch. Our mobile homes are spacious and comfortable, and for those who prefer a natural vacation, we also offer pitches to pitch your tent or caravan.<\/p>\n\n\n\n<div class=\"wp-block-group accordeon\"><div class=\"wp-block-group__inner-container\">\n<p><i class=\"fa-solid fa-house\"><\/i>  Mobile homes<\/p>\n\n\n\n<div class=\"wp-container-69f10430e33ba wp-block-group\"><div class=\"wp-block-group__inner-container\">\n<h3 id=\"location-de-mobil-home-en-bretagne-sud-au-camping-penboch\">Mobile home rental in South Brittany at Penboch campsite<\/h3>\n\n\n\n<p>You are not looking for a big house for your vacations in Morbihan and prefer the simplicity of a mobile home near the campsite facilities? Book your rental accommodation among 2, 3 or 4 bedrooms and capacity of 4 to 8 people. On beautiful private plots and all equipped with terraces, the mobile homes of the Penboch campsite are an interesting alternative to renting a gite in southern Brittany.<\/p>\n\n\n\n<div class=\"wp-container-69f10430e30d0 wp-block-buttons\">\n<div class=\"wp-block-button is-style-outline\"><a class=\"wp-block-button__link\" href=\"https:\/\/www.camping-penboch.fr\/en\/mobile-homes\/\">Our mobile homes<\/a><\/div>\n<\/div>\n<\/div><\/div>\n<\/div><\/div>\n\n\n\n<div class=\"wp-block-group accordeon\"><div class=\"wp-block-group__inner-container\">\n<p><i class=\"fa-solid fa-campground\"><\/i>  Campsites<\/p>\n\n\n\n<div class=\"wp-container-69f10430e3b09 wp-block-group\"><div class=\"wp-block-group__inner-container\">\n<h3 id=\"emplacements-de-camping-nature-dans-le-golfe-du-morbihan\">Nature campsites in the Gulf of Morbihan<\/h3>\n\n\n\n<p>If your idea of a vacation is nature, the outdoors and traditional camping, then you should rent a pitch at Camping Penboch! With a choice of plots of 80 or 150 m2, you will find the perfect spot to set up your tent or camper.<\/p>\n\n\n\n<div class=\"wp-container-69f10430e379c wp-block-buttons\">\n<div class=\"wp-block-button is-style-outline\"><a class=\"wp-block-button__link\" href=\"https:\/\/www.camping-penboch.fr\/en\/locations\/\">Our locations<\/a><\/div>\n<\/div>\n<\/div><\/div>\n<\/div><\/div>\n\n\n\n<div class=\"wp-container-69f10430e3e6c wp-block-buttons\">\n<div class=\"wp-block-button btn_resa\"><a class=\"wp-block-button__link\">Book my stay<\/a><\/div>\n<\/div>\n<\/div>\n<\/div>\n<\/div><\/section>\n\n\n\n<section class=\"wp-container-69f10430e508a wp-block-group d-00-c\"><div class=\"wp-block-group__inner-container\">\n<div class=\"wp-block-columns\">\n<div class=\"wp-block-column is-vertically-aligned-center\">\n<h2 id=\"profitez-des-piscines-et-des-toboggans-aquatiques\">Practical services and a variety of activities<\/h2>\n\n\n\n<div class=\"wp-container-69f10430e45a2 wp-block-group ligne_pictos\">\n<p><i class=\"fa-solid fa-person-sledding\"><\/i>  Playground for children<\/p>\n\n\n\n<p><i class=\"fa-solid fa-futbol\"><\/i>  Multi-sport field<\/p>\n\n\n\n<p><i class=\"fa-solid fa-water-ladder\"><\/i>  Aquatic area<\/p>\n\n\n\n<p><i class=\"fa-solid fa-person-pinball\"><\/i>  Arcade games<\/p>\n<\/div>\n\n\n\n<p>There are many advantages to staying at the Penboch campsite, on a pitch, in a mobile home or in one of our g\u00eetes de France in Southern Brittany. Our family establishment assures you a rare tranquility, which you will not find in a camping club.<\/p>\n\n\n\n<p>However, our attentive services and our beautiful leisure facilities guarantee you a 4-star stay in Morbihan. In addition to the sports fields, the aquatic area or the game room at your disposal in the campsite, you will benefit from our ideal location on the Gulf of Morbihan, and a multitude of activities nearby: beach, hiking, visits and boating!<\/p>\n\n\n\n<div class=\"wp-container-69f10430e4939 wp-block-buttons\">\n<div class=\"wp-block-button is-style-outline\"><a class=\"wp-block-button__link\" href=\"https:\/\/www.camping-penboch.fr\/en\/services\/\">Discover our services<\/a><\/div>\n\n\n\n<div class=\"wp-block-button is-style-outline\"><a class=\"wp-block-button__link\" href=\"https:\/\/www.camping-penboch.fr\/en\/leisure\/\">Activities at the campsite<\/a><\/div>\n<\/div>\n<\/div>\n\n\n\n<div class=\"wp-block-column is-vertically-aligned-center\">\n<figure class=\"wp-block-gallery has-nested-images columns-default is-cropped diaporama--1\">\n<figure class=\"wp-block-image size-full\"><img width=\"833\" height=\"560\" src=\"https:\/\/www.camping-penboch.fr\/wp-content\/uploads\/2022\/06\/home_activite.jpg\" alt=\"\" class=\"wp-image-662\" srcset=\"https:\/\/www.camping-penboch.fr\/wp-content\/uploads\/2022\/06\/home_activite.jpg 833w, https:\/\/www.camping-penboch.fr\/wp-content\/uploads\/2022\/06\/home_activite-300x202.jpg 300w, https:\/\/www.camping-penboch.fr\/wp-content\/uploads\/2022\/06\/home_activite-768x516.jpg 768w\" sizes=\"(max-width: 833px) 100vw, 833px\" \/><\/figure>\n\n\n\n<figure class=\"wp-block-image size-large\"><img width=\"1024\" height=\"661\" src=\"https:\/\/www.camping-penboch.fr\/wp-content\/uploads\/2022\/06\/Photo-366-1024x661.jpg\" alt=\"\" class=\"wp-image-842\" srcset=\"https:\/\/www.camping-penboch.fr\/wp-content\/uploads\/2022\/06\/Photo-366-1024x661.jpg 1024w, https:\/\/www.camping-penboch.fr\/wp-content\/uploads\/2022\/06\/Photo-366-300x194.jpg 300w, https:\/\/www.camping-penboch.fr\/wp-content\/uploads\/2022\/06\/Photo-366-768x496.jpg 768w, https:\/\/www.camping-penboch.fr\/wp-content\/uploads\/2022\/06\/Photo-366.jpg 1345w\" sizes=\"(max-width: 1024px) 100vw, 1024px\" \/><\/figure>\n\n\n\n<figure class=\"wp-block-image size-large\"><img width=\"1024\" height=\"683\" src=\"https:\/\/www.camping-penboch.fr\/wp-content\/uploads\/2022\/06\/photo-636262132136389915-2-1024x683.jpg\" alt=\"\" class=\"wp-image-927\" srcset=\"https:\/\/www.camping-penboch.fr\/wp-content\/uploads\/2022\/06\/photo-636262132136389915-2-1024x683.jpg 1024w, https:\/\/www.camping-penboch.fr\/wp-content\/uploads\/2022\/06\/photo-636262132136389915-2-300x200.jpg 300w, https:\/\/www.camping-penboch.fr\/wp-content\/uploads\/2022\/06\/photo-636262132136389915-2-768x512.jpg 768w, https:\/\/www.camping-penboch.fr\/wp-content\/uploads\/2022\/06\/photo-636262132136389915-2.jpg 1199w\" sizes=\"(max-width: 1024px) 100vw, 1024px\" \/><\/figure>\n<\/figure>\n\n\n\n<div class=\"wp-container-69f10430e4d5e wp-block-buttons\">\n<div class=\"wp-block-button btn_galerie\"><a class=\"wp-block-button__link\" href=\"https:\/\/www.camping-penboch.fr\/en\/photo-gallery\/\">Photo gallery<\/a><\/div>\n<\/div>\n<\/div>\n<\/div>\n<\/div><\/section>\n","protected":false},"excerpt":{"rendered":"<p>3 ears of corn cottages for authentic vacations in South Brittany In a typical Breton farmhouse, our 6 g\u00eetes de France welcome you for vacations between land and sea, close to the Gulf of Morbihan, Vannes and Auray. Comfortable and fully equipped, they ensure a successful stay with family or friends all year round. The [&hellip;]<\/p>\n","protected":false},"author":1,"featured_media":0,"parent":0,"menu_order":0,"comment_status":"closed","ping_status":"closed","template":"","meta":[],"acf":[],"_links":{"self":[{"href":"https:\/\/www.camping-penboch.fr\/en\/wp-json\/wp\/v2\/pages\/1757"}],"collection":[{"href":"https:\/\/www.camping-penboch.fr\/en\/wp-json\/wp\/v2\/pages"}],"about":[{"href":"https:\/\/www.camping-penboch.fr\/en\/wp-json\/wp\/v2\/types\/page"}],"author":[{"embeddable":true,"href":"https:\/\/www.camping-penboch.fr\/en\/wp-json\/wp\/v2\/users\/1"}],"replies":[{"embeddable":true,"href":"https:\/\/www.camping-penboch.fr\/en\/wp-json\/wp\/v2\/comments?post=1757"}],"version-history":[{"count":0,"href":"https:\/\/www.camping-penboch.fr\/en\/wp-json\/wp\/v2\/pages\/1757\/revisions"}],"wp:attachment":[{"href":"https:\/\/www.camping-penboch.fr\/en\/wp-json\/wp\/v2\/media?parent=1757"}],"curies":[{"name":"wp","href":"https:\/\/api.w.org\/{rel}","templated":true}]}}