{"id":1733,"date":"2022-07-11T10:38:34","date_gmt":"2022-07-11T08:38:34","guid":{"rendered":"https:\/\/www.camping-penboch.fr\/locaties\/"},"modified":"2022-07-11T11:27:24","modified_gmt":"2022-07-11T09:27:24","slug":"locaties","status":"publish","type":"page","link":"https:\/\/www.camping-penboch.fr\/nl\/locaties\/","title":{"rendered":"Locaties"},"content":{"rendered":"\n<section class=\"wp-container-69f3bae48aea0 wp-block-group a-00-a\"><div class=\"wp-block-group__inner-container\">\n<div class=\"wp-block-cover\"><span aria-hidden=\"true\" class=\"has-black-background-color has-background-dim-0 wp-block-cover__gradient-background has-background-dim\"><\/span><img width=\"1920\" height=\"1280\" class=\"wp-block-cover__image-background wp-image-962\" alt=\"\" src=\"https:\/\/www.camping-penboch.fr\/wp-content\/uploads\/2022\/06\/IMG_7279_1920.jpg\" style=\"object-position:56% 79%\" data-object-fit=\"cover\" data-object-position=\"56% 79%\" srcset=\"https:\/\/www.camping-penboch.fr\/wp-content\/uploads\/2022\/06\/IMG_7279_1920.jpg 1920w, https:\/\/www.camping-penboch.fr\/wp-content\/uploads\/2022\/06\/IMG_7279_1920-300x200.jpg 300w, https:\/\/www.camping-penboch.fr\/wp-content\/uploads\/2022\/06\/IMG_7279_1920-1024x683.jpg 1024w, https:\/\/www.camping-penboch.fr\/wp-content\/uploads\/2022\/06\/IMG_7279_1920-768x512.jpg 768w, https:\/\/www.camping-penboch.fr\/wp-content\/uploads\/2022\/06\/IMG_7279_1920-1536x1024.jpg 1536w\" sizes=\"(max-width: 1920px) 100vw, 1920px\" \/><div class=\"wp-block-cover__inner-container\">\n<h1 class=\"has-text-align-center\"><\/h1>\n<\/div><\/div>\n<\/div><\/section>\n\n\n\n<section class=\"wp-container-69f3bae48b623 wp-block-group b-00-a\"><div class=\"wp-block-group__inner-container\">\n<h1 class=\"has-text-align-center\" id=\"emplacements-de-camping-en-bretagne-sud-pres-de-la-mer\">Campings in Zuid-Bretagne aan zee<\/h1>\n\n\n\n<p class=\"has-text-align-center\">De 4-sterren camping Penboch in Arradon, op 200 m van de Golf van Morbihan en in de buurt van Vannes, biedt kampeerplaatsen voor tenten, caravans en campers voor een natuurvakantie tussen land en zee in Zuid-Bretagne.<\/p>\n\n\n\n<p class=\"has-text-align-center\">In een groene en beschermde omgeving ontvangt de camping Sites et Paysages de Penboch, een camping op mensenmaat, u op zijn ruime standplaatsen om uw tent, uw caravan of uw camper op te zetten voor een vakantie met uw gezin of vrienden.<\/p>\n\n\n\n<p class=\"has-text-align-center\">Afgebakend door heggen om u rust en privacy te garanderen, bieden onze zonnige of schaduwrijke standplaatsen u de keuze uit twee afmetingen: minimaal 80m\u00b2 of minimaal 150m\u00b2.<\/p>\n\n\n\n<div class=\"wp-container-69f3bae48b2ff wp-block-buttons\">\n<div class=\"wp-block-button btn_resa_empl\"><a class=\"wp-block-button__link\">Boek mijn verblijf<\/a><\/div>\n<\/div>\n<\/div><\/section>\n\n\n\n<section class=\"wp-container-69f3bae48c1f2 wp-block-group d-05-c\"><div class=\"wp-block-group__inner-container\">\n<div class=\"wp-block-columns\">\n<div class=\"wp-block-column is-vertically-aligned-center\">\n<h2 id=\"vastes-emplacements-de-camping-dans-le-golfe-du-morbihan\">Grote campings in de Golf van Morbihan<\/h2>\n\n\n\n<p>Voor onze Franse en buitenlandse vakantiegangers die van traditioneel kamperen houden, bieden wij onberispelijk onderhouden kampeerplaatsen in Zuid-Bretagne. De verscheidenheid van onze standplaatsen is zowel geschikt voor stellen in een tent zonder voertuig als voor grote gezinnen met een grote caravan met voortent. In een groene omgeving vindt iedereen zijn eigen hoekje van het paradijs met onze kampeerplaatsen in de Golf van Morbihan. Gazons, bomen, heggen, ruimte: alles wordt in het werk gesteld om de camper- en tentvakantiegangers de best mogelijke privacy en een ideale buitenervaring te bieden.<br>Geniet van de hoogste kwaliteit van voorzieningen met drie sanitaire ruimtes, waarvan \u00e9\u00e9n verwarmd, priv\u00e9 sanitaire cabines, een complete wasruimte en elektrische aansluitingen van 10 amp\u00e8re op uw staanplaats. Voor totale autonomie kiest u uw kampeerplaats in de Morbihan met een wateraansluiting als u met een caravan reist! Camping Penboch heeft ook een speciale serviceruimte voor campers.<\/p>\n\n\n\n<div class=\"wp-container-69f3bae48ba2f wp-block-buttons\">\n<div class=\"wp-block-button btn_resa_empl\"><a class=\"wp-block-button__link\">Boek een standplaats<\/a><\/div>\n\n\n\n<div class=\"wp-block-button is-style-outline\"><a class=\"wp-block-button__link\" href=\"https:\/\/www.camping-penboch.fr\/nl\/diensten\/\">Diensten op de camping<\/a><\/div>\n<\/div>\n<\/div>\n\n\n\n<div class=\"wp-block-column is-vertically-aligned-center\">\n<figure class=\"wp-block-gallery has-nested-images columns-default is-cropped diaporama--1\">\n<figure class=\"wp-block-image size-full\"><img width=\"1000\" height=\"750\" src=\"https:\/\/www.camping-penboch.fr\/wp-content\/uploads\/2022\/06\/IMG_1559.jpg\" alt=\"\" class=\"wp-image-978\" srcset=\"https:\/\/www.camping-penboch.fr\/wp-content\/uploads\/2022\/06\/IMG_1559.jpg 1000w, https:\/\/www.camping-penboch.fr\/wp-content\/uploads\/2022\/06\/IMG_1559-300x225.jpg 300w, https:\/\/www.camping-penboch.fr\/wp-content\/uploads\/2022\/06\/IMG_1559-768x576.jpg 768w\" sizes=\"(max-width: 1000px) 100vw, 1000px\" \/><\/figure>\n\n\n\n<figure class=\"wp-block-image size-large\"><img width=\"1200\" height=\"800\" src=\"https:\/\/www.camping-penboch.fr\/wp-content\/uploads\/2022\/06\/empl_02.jpg\" alt=\"\" class=\"wp-image-987\" srcset=\"https:\/\/www.camping-penboch.fr\/wp-content\/uploads\/2022\/06\/empl_02.jpg 1200w, https:\/\/www.camping-penboch.fr\/wp-content\/uploads\/2022\/06\/empl_02-300x200.jpg 300w, https:\/\/www.camping-penboch.fr\/wp-content\/uploads\/2022\/06\/empl_02-1024x683.jpg 1024w, https:\/\/www.camping-penboch.fr\/wp-content\/uploads\/2022\/06\/empl_02-768x512.jpg 768w\" sizes=\"(max-width: 1200px) 100vw, 1200px\" \/><\/figure>\n\n\n\n<figure class=\"wp-block-image size-large\"><img width=\"1024\" height=\"664\" src=\"https:\/\/www.camping-penboch.fr\/wp-content\/uploads\/2022\/06\/sandra1-338-1024x664.jpg\" alt=\"\" class=\"wp-image-982\" srcset=\"https:\/\/www.camping-penboch.fr\/wp-content\/uploads\/2022\/06\/sandra1-338-1024x664.jpg 1024w, https:\/\/www.camping-penboch.fr\/wp-content\/uploads\/2022\/06\/sandra1-338-300x195.jpg 300w, https:\/\/www.camping-penboch.fr\/wp-content\/uploads\/2022\/06\/sandra1-338-768x498.jpg 768w, https:\/\/www.camping-penboch.fr\/wp-content\/uploads\/2022\/06\/sandra1-338.jpg 1370w\" sizes=\"(max-width: 1024px) 100vw, 1024px\" \/><\/figure>\n<\/figure>\n\n\n\n<div class=\"wp-container-69f3bae48beb5 wp-block-buttons\">\n<div class=\"wp-block-button btn_galerie\"><a class=\"wp-block-button__link\" href=\"https:\/\/www.camping-penboch.fr\/nl\/foto-galerij\/\">Foto galerij<\/a><\/div>\n<\/div>\n<\/div>\n<\/div>\n<\/div><\/section>\n\n\n\n<section class=\"wp-container-69f3bae48d978 wp-block-group d-00-a\"><div class=\"wp-block-group__inner-container\">\n<div class=\"wp-block-columns\">\n<div class=\"wp-block-column is-vertically-aligned-center\">\n<figure class=\"wp-block-image size-large is-style-default\"><img width=\"1024\" height=\"683\" src=\"https:\/\/www.camping-penboch.fr\/wp-content\/uploads\/2022\/06\/photo-636260740427862734-2-1024x683.jpg\" alt=\"\" class=\"wp-image-994\" srcset=\"https:\/\/www.camping-penboch.fr\/wp-content\/uploads\/2022\/06\/photo-636260740427862734-2-1024x683.jpg 1024w, https:\/\/www.camping-penboch.fr\/wp-content\/uploads\/2022\/06\/photo-636260740427862734-2-300x200.jpg 300w, https:\/\/www.camping-penboch.fr\/wp-content\/uploads\/2022\/06\/photo-636260740427862734-2-768x512.jpg 768w, https:\/\/www.camping-penboch.fr\/wp-content\/uploads\/2022\/06\/photo-636260740427862734-2.jpg 1200w\" sizes=\"(max-width: 1024px) 100vw, 1024px\" \/><\/figure>\n\n\n\n<div class=\"wp-container-69f3bae48c5ee wp-block-buttons\">\n<div class=\"wp-block-button btn_galerie\"><a class=\"wp-block-button__link\" href=\"https:\/\/www.camping-penboch.fr\/nl\/foto-galerij\/\">Foto galerij<\/a><\/div>\n<\/div>\n<\/div>\n\n\n\n<div class=\"wp-block-column is-vertically-aligned-center\">\n<h2 id=\"profitez-des-piscines-et-des-toboggans-aquatiques\">Bezienswaardigheden in de buurt van uw camping in Zuid-Bretagne<\/h2>\n\n\n\n<div class=\"wp-container-69f3bae48c9ea wp-block-group ligne_pictos\">\n<p><i class=\"fa-solid fa-water-ladder\"><\/i> Binnen- &amp; buitenzwembaden<\/p>\n\n\n\n<p><i class=\"fa-solid fa-water-arrow-down\"><\/i> Pierenbad<\/p>\n\n\n\n<p><i class=\"fa-solid fa-hot-tub-person\"><\/i> Jacuzzi<\/p>\n\n\n\n<p><i class=\"fa-solid fa-person-sledding\"><\/i> Waterglijbanen<\/p>\n<\/div>\n\n\n\n<div style=\"height:50px\" aria-hidden=\"true\" class=\"wp-block-spacer\"><\/div>\n\n\n\n<div class=\"wp-block-group accordeon\"><div class=\"wp-block-group__inner-container\">\n<p><i class=\"fa-solid fa-table-tennis-paddle-ball\"><\/i>  Activiteiten in Morbihan<\/p>\n\n\n\n<div class=\"wp-container-69f3bae48cddb wp-block-group\"><div class=\"wp-block-group__inner-container\">\n<h3 id=\"decouvrez-les-tresors-du-morbihan\">Ontdek de schatten van Morbihan<\/h3>\n\n\n\n<p>Reserveer uw campingplaats in Zuid-Bretagne en ontdek de mooiste plekjes in Morbihan. De kleine zee, zoals de Golf van Morbihan wordt genoemd, is vol eilanden en eilandjes om te ontdekken tijdens een cruise of een eenvoudige overtocht. Aan de Golf ligt de stad Vannes, een middeleeuws juweeltje waarin u zich graag zult verliezen in de smalle straatjes. Plan ook wandelingen of trektochten op het schiereiland Rhuys, in een ongerepte natuur: mis bij gelegenheid het kasteel van Suscinio en de boten van Port Navalo niet. Tijdens uw verblijf op camping Penboch kunt u ook Auray en de haven van Saint-Goustan, het schiereiland Quiberon, de menhirs van Carnac of het beschermde dorp Rochefort-en-Terre ontdekken.<\/p>\n<\/div><\/div>\n<\/div><\/div>\n\n\n\n<div class=\"wp-block-group accordeon\"><div class=\"wp-block-group__inner-container\">\n<p><i class=\"fa-solid fa-blanket\"><\/i>  Rond de camping<\/p>\n\n\n\n<div class=\"wp-container-69f3bae48d1c9 wp-block-group\"><div class=\"wp-block-group__inner-container\">\n<h3 id=\"faites-le-plein-d-activites-autour-du-camping-penboch\">Genoeg te doen rond camping Penboch<\/h3>\n\n\n\n<p>De directe omgeving van camping Penboch is ideaal voor allerlei buitenactiviteiten. Wanneer u uw camping in de Golf van Morbihan reserveert, kunt u op uw gemak van de zee en haar geneugten genieten: vissen, wandelingen en ontdekking van het intergetijdengebied bij eb; zwemmen, surfen, kitesurfen, pootjebaden en andere wateractiviteiten bij vloed. Een verblijf in de Golf van Morbihan is ook een gelegenheid om te genieten van een breed scala aan watersporten, van een ontspannen cruise rond de eilanden tot een zeilcursus. Op het land kunt u de ongerepte natuurgebieden van Zuid-Bretagne het beste ontdekken op de fiets of tijdens mooie wandelingen.<\/p>\n<\/div><\/div>\n<\/div><\/div>\n\n\n\n<div class=\"wp-container-69f3bae48d60e wp-block-buttons\">\n<div class=\"wp-block-button btn_resa\"><a class=\"wp-block-button__link\">Boek mijn verblijf<\/a><\/div>\n\n\n\n<div class=\"wp-block-button is-style-outline\"><a class=\"wp-block-button__link\" href=\"https:\/\/www.camping-penboch.fr\/nl\/vrije-tijd\/\">Activiteiten<\/a><\/div>\n<\/div>\n<\/div>\n<\/div>\n<\/div><\/section>\n","protected":false},"excerpt":{"rendered":"<p>Campings in Zuid-Bretagne aan zee De 4-sterren camping Penboch in Arradon, op 200 m van de Golf van Morbihan en in de buurt van Vannes, biedt kampeerplaatsen voor tenten, caravans en campers voor een natuurvakantie tussen land en zee in Zuid-Bretagne. In een groene en beschermde omgeving ontvangt de camping Sites et Paysages de Penboch, [&hellip;]<\/p>\n","protected":false},"author":1,"featured_media":0,"parent":0,"menu_order":0,"comment_status":"closed","ping_status":"closed","template":"","meta":[],"acf":[],"_links":{"self":[{"href":"https:\/\/www.camping-penboch.fr\/nl\/wp-json\/wp\/v2\/pages\/1733"}],"collection":[{"href":"https:\/\/www.camping-penboch.fr\/nl\/wp-json\/wp\/v2\/pages"}],"about":[{"href":"https:\/\/www.camping-penboch.fr\/nl\/wp-json\/wp\/v2\/types\/page"}],"author":[{"embeddable":true,"href":"https:\/\/www.camping-penboch.fr\/nl\/wp-json\/wp\/v2\/users\/1"}],"replies":[{"embeddable":true,"href":"https:\/\/www.camping-penboch.fr\/nl\/wp-json\/wp\/v2\/comments?post=1733"}],"version-history":[{"count":0,"href":"https:\/\/www.camping-penboch.fr\/nl\/wp-json\/wp\/v2\/pages\/1733\/revisions"}],"wp:attachment":[{"href":"https:\/\/www.camping-penboch.fr\/nl\/wp-json\/wp\/v2\/media?parent=1733"}],"curies":[{"name":"wp","href":"https:\/\/api.w.org\/{rel}","templated":true}]}}