{"id":1755,"date":"2022-07-11T10:42:13","date_gmt":"2022-07-11T08:42:13","guid":{"rendered":"https:\/\/www.camping-penboch.fr\/logies\/"},"modified":"2022-07-11T11:33:31","modified_gmt":"2022-07-11T09:33:31","slug":"logies","status":"publish","type":"page","link":"https:\/\/www.camping-penboch.fr\/nl\/logies\/","title":{"rendered":"Logies"},"content":{"rendered":"\n<div class=\"wp-container-69e022746594d wp-block-group a-00-a\"><div class=\"wp-block-group__inner-container\">\n<div class=\"wp-block-cover is-light\"><span aria-hidden=\"true\" class=\"has-black-background-color has-background-dim-0 wp-block-cover__gradient-background has-background-dim\"><\/span><img width=\"1203\" height=\"800\" class=\"wp-block-cover__image-background wp-image-1279\" alt=\"\" src=\"https:\/\/www.camping-penboch.fr\/wp-content\/uploads\/2022\/06\/photo-636259856024357362-2.jpg\" style=\"object-position:51% 63%\" data-object-fit=\"cover\" data-object-position=\"51% 63%\" srcset=\"https:\/\/www.camping-penboch.fr\/wp-content\/uploads\/2022\/06\/photo-636259856024357362-2.jpg 1203w, https:\/\/www.camping-penboch.fr\/wp-content\/uploads\/2022\/06\/photo-636259856024357362-2-300x200.jpg 300w, https:\/\/www.camping-penboch.fr\/wp-content\/uploads\/2022\/06\/photo-636259856024357362-2-1024x681.jpg 1024w, https:\/\/www.camping-penboch.fr\/wp-content\/uploads\/2022\/06\/photo-636259856024357362-2-768x511.jpg 768w\" sizes=\"(max-width: 1203px) 100vw, 1203px\" \/><div class=\"wp-block-cover__inner-container\">\n<h1 class=\"has-text-align-center\"><\/h1>\n<\/div><\/div>\n<\/div><\/div>\n\n\n\n<section class=\"wp-container-69e022746605b wp-block-group b-00-a\"><div class=\"wp-block-group__inner-container\">\n<h1 class=\"has-text-align-center\" id=\"des-gites-3-epis-pour-des-vacances-authentiques-en-bretagne-sud\">3 \u00e9pis g\u00eetes voor een authentieke vakantie in Zuid-Bretagne<\/h1>\n\n\n\n<p class=\"has-text-align-center\">In een typisch Bretonse boerderij ontvangen onze 6 g\u00eetes de France u voor een vakantie tussen land en zee, dicht bij de Golf van Morbihan, Vannes en Auray. Comfortabel en volledig uitgerust, zorgen ze voor een geslaagd verblijf met familie of vrienden het hele jaar door. De g\u00eetes liggen op 300 m van de zee, in het regionale natuurpark van de Golfe du Morbihan. Een ideale plek om een vakantie door te brengen in een bevoorrechte omgeving.<\/p>\n\n\n\n<div class=\"wp-container-69e0227465d4d wp-block-buttons\">\n<div class=\"wp-block-button btn_resa_loc\"><a class=\"wp-block-button__link\">Boek mijn verblijf<\/a><\/div>\n<\/div>\n<\/div><\/section>\n\n\n<section class=\"liste_heb\"><a href=\"https:\/\/www.camping-penboch.fr\/nl\/locations\/logies-lhermine\/\" class=\"heb\"><p>Logies l'Hermine<\/p><img width=\"1066\" height=\"800\" src=\"https:\/\/www.camping-penboch.fr\/wp-content\/uploads\/2022\/06\/photo-635309207404160971-1.jpg\" class=\"attachment-post-thumbnail size-post-thumbnail wp-post-image\" alt=\"\" loading=\"lazy\" srcset=\"https:\/\/www.camping-penboch.fr\/wp-content\/uploads\/2022\/06\/photo-635309207404160971-1.jpg 1066w, https:\/\/www.camping-penboch.fr\/wp-content\/uploads\/2022\/06\/photo-635309207404160971-1-300x225.jpg 300w, https:\/\/www.camping-penboch.fr\/wp-content\/uploads\/2022\/06\/photo-635309207404160971-1-1024x768.jpg 1024w, https:\/\/www.camping-penboch.fr\/wp-content\/uploads\/2022\/06\/photo-635309207404160971-1-768x576.jpg 768w\" sizes=\"(max-width: 1066px) 100vw, 1066px\" \/><\/a><a href=\"https:\/\/www.camping-penboch.fr\/nl\/locations\/logies-le-pressoir\/\" class=\"heb\"><p>Logies Le Pressoir<\/p><img width=\"1203\" height=\"800\" src=\"https:\/\/www.camping-penboch.fr\/wp-content\/uploads\/2022\/06\/photo-636259856024357362-2.jpg\" class=\"attachment-post-thumbnail size-post-thumbnail wp-post-image\" alt=\"\" loading=\"lazy\" srcset=\"https:\/\/www.camping-penboch.fr\/wp-content\/uploads\/2022\/06\/photo-636259856024357362-2.jpg 1203w, https:\/\/www.camping-penboch.fr\/wp-content\/uploads\/2022\/06\/photo-636259856024357362-2-300x200.jpg 300w, https:\/\/www.camping-penboch.fr\/wp-content\/uploads\/2022\/06\/photo-636259856024357362-2-1024x681.jpg 1024w, https:\/\/www.camping-penboch.fr\/wp-content\/uploads\/2022\/06\/photo-636259856024357362-2-768x511.jpg 768w\" sizes=\"(max-width: 1203px) 100vw, 1203px\" \/><\/a><a href=\"https:\/\/www.camping-penboch.fr\/nl\/locations\/logies-de-aalscholver\/\" class=\"heb\"><p>Logies De Aalscholver<\/p><img width=\"1066\" height=\"800\" src=\"https:\/\/www.camping-penboch.fr\/wp-content\/uploads\/2022\/06\/photo-636285824140665527-2.jpg\" class=\"attachment-post-thumbnail size-post-thumbnail wp-post-image\" alt=\"\" loading=\"lazy\" srcset=\"https:\/\/www.camping-penboch.fr\/wp-content\/uploads\/2022\/06\/photo-636285824140665527-2.jpg 1066w, https:\/\/www.camping-penboch.fr\/wp-content\/uploads\/2022\/06\/photo-636285824140665527-2-300x225.jpg 300w, https:\/\/www.camping-penboch.fr\/wp-content\/uploads\/2022\/06\/photo-636285824140665527-2-1024x768.jpg 1024w, https:\/\/www.camping-penboch.fr\/wp-content\/uploads\/2022\/06\/photo-636285824140665527-2-768x576.jpg 768w\" sizes=\"(max-width: 1066px) 100vw, 1066px\" \/><\/a><a href=\"https:\/\/www.camping-penboch.fr\/nl\/locations\/logies-de-glenans\/\" class=\"heb\"><p>Logies De Gl\u00e9nans<\/p><img width=\"1066\" height=\"800\" src=\"https:\/\/www.camping-penboch.fr\/wp-content\/uploads\/2022\/06\/photo-636259852861765450-2.jpg\" class=\"attachment-post-thumbnail size-post-thumbnail wp-post-image\" alt=\"\" loading=\"lazy\" srcset=\"https:\/\/www.camping-penboch.fr\/wp-content\/uploads\/2022\/06\/photo-636259852861765450-2.jpg 1066w, https:\/\/www.camping-penboch.fr\/wp-content\/uploads\/2022\/06\/photo-636259852861765450-2-300x225.jpg 300w, https:\/\/www.camping-penboch.fr\/wp-content\/uploads\/2022\/06\/photo-636259852861765450-2-1024x768.jpg 1024w, https:\/\/www.camping-penboch.fr\/wp-content\/uploads\/2022\/06\/photo-636259852861765450-2-768x576.jpg 768w\" sizes=\"(max-width: 1066px) 100vw, 1066px\" \/><\/a><a href=\"https:\/\/www.camping-penboch.fr\/nl\/locations\/vakantiehuis-belle-ile\/\" class=\"heb\"><p>Vakantiehuis Belle \u00eele<\/p><img width=\"1066\" height=\"800\" src=\"https:\/\/www.camping-penboch.fr\/wp-content\/uploads\/2022\/06\/photo-636285822005475781-2.jpg\" class=\"attachment-post-thumbnail size-post-thumbnail wp-post-image\" alt=\"\" loading=\"lazy\" srcset=\"https:\/\/www.camping-penboch.fr\/wp-content\/uploads\/2022\/06\/photo-636285822005475781-2.jpg 1066w, https:\/\/www.camping-penboch.fr\/wp-content\/uploads\/2022\/06\/photo-636285822005475781-2-300x225.jpg 300w, https:\/\/www.camping-penboch.fr\/wp-content\/uploads\/2022\/06\/photo-636285822005475781-2-1024x768.jpg 1024w, https:\/\/www.camping-penboch.fr\/wp-content\/uploads\/2022\/06\/photo-636285822005475781-2-768x576.jpg 768w\" sizes=\"(max-width: 1066px) 100vw, 1066px\" \/><\/a><a href=\"https:\/\/www.camping-penboch.fr\/nl\/locations\/logies-de-vuurtoren\/\" class=\"heb\"><p>Logies De Vuurtoren<\/p><img width=\"1066\" height=\"800\" src=\"https:\/\/www.camping-penboch.fr\/wp-content\/uploads\/2022\/06\/photo-636259858845084241-2.jpg\" class=\"attachment-post-thumbnail size-post-thumbnail wp-post-image\" alt=\"\" loading=\"lazy\" srcset=\"https:\/\/www.camping-penboch.fr\/wp-content\/uploads\/2022\/06\/photo-636259858845084241-2.jpg 1066w, https:\/\/www.camping-penboch.fr\/wp-content\/uploads\/2022\/06\/photo-636259858845084241-2-300x225.jpg 300w, https:\/\/www.camping-penboch.fr\/wp-content\/uploads\/2022\/06\/photo-636259858845084241-2-1024x768.jpg 1024w, https:\/\/www.camping-penboch.fr\/wp-content\/uploads\/2022\/06\/photo-636259858845084241-2-768x576.jpg 768w\" sizes=\"(max-width: 1066px) 100vw, 1066px\" \/><\/a><\/section>\n\n\n\n<section class=\"wp-container-69e0227466df3 wp-block-group d-05-a\"><div class=\"wp-block-group__inner-container\">\n<div class=\"wp-block-columns\">\n<div class=\"wp-block-column is-vertically-aligned-center\">\n<h2 id=\"decouvrez-nos-gites-de-france-en-bretagne-sud\">Ontdek onze g\u00eetes de France in Zuid-Bretagne<\/h2>\n\n\n\n<p>Breng een 100% Bretonse vakantie door in een typische granieten boerderij, met een tuin vol hortensia&#8217;s en op een steenworp afstand van de zee! Met 6 g\u00eetes de France ingedeeld 3 \u00e9pis te huur in alle seizoenen, garandeert camping Penboch u een charmante vakantie in Bretagne. Onze g\u00eetes de France in Zuid-Bretagne omvatten een kleine 2-persoons g\u00eete, ideaal voor een romantische vakantie aan zee, een 4-persoons g\u00eete (twee slaapkamers), twee 5-persoons g\u00eetes en twee 6-persoons g\u00eetes.<\/p>\n\n\n\n<p>Elk huis is ruim, licht, smaakvol ingericht en van alle gemakken voorzien. Het huren van een g\u00eete in Morbihan is de ideale oplossing als u wilt profiteren van een echt grote keuken en eetkamer, veel bergruimte, praktische apparatuur zoals een wasmachine, strijkplank en strijkijzer, en tot slot bevoorrechte buitenruimtes, met een eigen terras en een grote gemeenschappelijke tuin uitgerust met spelletjes voor kinderen.<\/p>\n\n\n\n<div class=\"wp-container-69e022746659b wp-block-buttons\">\n<div class=\"wp-block-button btn_resa_loc\"><a class=\"wp-block-button__link\">Boek mijn verblijf<\/a><\/div>\n\n\n\n<div class=\"wp-block-button is-style-outline\"><a class=\"wp-block-button__link\" href=\"https:\/\/www.camping-penboch.fr\/nl\/vrije-tijd\/\">Activiteiten op de camping<\/a><\/div>\n<\/div>\n<\/div>\n\n\n\n<div class=\"wp-block-column is-vertically-aligned-center\">\n<figure class=\"wp-block-gallery has-nested-images columns-8 is-cropped diaporama--1\">\n<figure class=\"wp-block-image size-large\"><img width=\"1066\" height=\"800\" src=\"https:\/\/www.camping-penboch.fr\/wp-content\/uploads\/2022\/06\/photo-636259858845084241-2.jpg\" alt=\"\" class=\"wp-image-1351\" srcset=\"https:\/\/www.camping-penboch.fr\/wp-content\/uploads\/2022\/06\/photo-636259858845084241-2.jpg 1066w, https:\/\/www.camping-penboch.fr\/wp-content\/uploads\/2022\/06\/photo-636259858845084241-2-300x225.jpg 300w, https:\/\/www.camping-penboch.fr\/wp-content\/uploads\/2022\/06\/photo-636259858845084241-2-1024x768.jpg 1024w, https:\/\/www.camping-penboch.fr\/wp-content\/uploads\/2022\/06\/photo-636259858845084241-2-768x576.jpg 768w\" sizes=\"(max-width: 1066px) 100vw, 1066px\" \/><\/figure>\n\n\n\n<figure class=\"wp-block-image size-large\"><img width=\"1196\" height=\"800\" src=\"https:\/\/www.camping-penboch.fr\/wp-content\/uploads\/2022\/06\/photo-636259858528122919-2.jpg\" alt=\"\" class=\"wp-image-1347\" srcset=\"https:\/\/www.camping-penboch.fr\/wp-content\/uploads\/2022\/06\/photo-636259858528122919-2.jpg 1196w, https:\/\/www.camping-penboch.fr\/wp-content\/uploads\/2022\/06\/photo-636259858528122919-2-300x201.jpg 300w, https:\/\/www.camping-penboch.fr\/wp-content\/uploads\/2022\/06\/photo-636259858528122919-2-1024x685.jpg 1024w, https:\/\/www.camping-penboch.fr\/wp-content\/uploads\/2022\/06\/photo-636259858528122919-2-768x514.jpg 768w\" sizes=\"(max-width: 1196px) 100vw, 1196px\" \/><\/figure>\n\n\n\n<figure class=\"wp-block-image size-large\"><img width=\"1066\" height=\"800\" src=\"https:\/\/www.camping-penboch.fr\/wp-content\/uploads\/2022\/06\/photo-636285822005475781-2.jpg\" alt=\"\" class=\"wp-image-1329\" srcset=\"https:\/\/www.camping-penboch.fr\/wp-content\/uploads\/2022\/06\/photo-636285822005475781-2.jpg 1066w, https:\/\/www.camping-penboch.fr\/wp-content\/uploads\/2022\/06\/photo-636285822005475781-2-300x225.jpg 300w, https:\/\/www.camping-penboch.fr\/wp-content\/uploads\/2022\/06\/photo-636285822005475781-2-1024x768.jpg 1024w, https:\/\/www.camping-penboch.fr\/wp-content\/uploads\/2022\/06\/photo-636285822005475781-2-768x576.jpg 768w\" sizes=\"(max-width: 1066px) 100vw, 1066px\" \/><\/figure>\n\n\n\n<figure class=\"wp-block-image size-large\"><img width=\"1066\" height=\"800\" src=\"https:\/\/www.camping-penboch.fr\/wp-content\/uploads\/2022\/06\/photo-636259855007062884-2.jpg\" alt=\"\" class=\"wp-image-1323\" srcset=\"https:\/\/www.camping-penboch.fr\/wp-content\/uploads\/2022\/06\/photo-636259855007062884-2.jpg 1066w, https:\/\/www.camping-penboch.fr\/wp-content\/uploads\/2022\/06\/photo-636259855007062884-2-300x225.jpg 300w, https:\/\/www.camping-penboch.fr\/wp-content\/uploads\/2022\/06\/photo-636259855007062884-2-1024x768.jpg 1024w, https:\/\/www.camping-penboch.fr\/wp-content\/uploads\/2022\/06\/photo-636259855007062884-2-768x576.jpg 768w\" sizes=\"(max-width: 1066px) 100vw, 1066px\" \/><\/figure>\n\n\n\n<figure class=\"wp-block-image size-large\"><img width=\"1066\" height=\"800\" src=\"https:\/\/www.camping-penboch.fr\/wp-content\/uploads\/2022\/06\/photo-636285823210291346-2.jpg\" alt=\"\" class=\"wp-image-1301\" srcset=\"https:\/\/www.camping-penboch.fr\/wp-content\/uploads\/2022\/06\/photo-636285823210291346-2.jpg 1066w, https:\/\/www.camping-penboch.fr\/wp-content\/uploads\/2022\/06\/photo-636285823210291346-2-300x225.jpg 300w, https:\/\/www.camping-penboch.fr\/wp-content\/uploads\/2022\/06\/photo-636285823210291346-2-1024x768.jpg 1024w, https:\/\/www.camping-penboch.fr\/wp-content\/uploads\/2022\/06\/photo-636285823210291346-2-768x576.jpg 768w\" sizes=\"(max-width: 1066px) 100vw, 1066px\" \/><\/figure>\n\n\n\n<figure class=\"wp-block-image size-large\"><img width=\"1066\" height=\"800\" src=\"https:\/\/www.camping-penboch.fr\/wp-content\/uploads\/2022\/06\/photo-636458622398094456-2.jpg\" alt=\"\" class=\"wp-image-1265\" srcset=\"https:\/\/www.camping-penboch.fr\/wp-content\/uploads\/2022\/06\/photo-636458622398094456-2.jpg 1066w, https:\/\/www.camping-penboch.fr\/wp-content\/uploads\/2022\/06\/photo-636458622398094456-2-300x225.jpg 300w, https:\/\/www.camping-penboch.fr\/wp-content\/uploads\/2022\/06\/photo-636458622398094456-2-1024x768.jpg 1024w, https:\/\/www.camping-penboch.fr\/wp-content\/uploads\/2022\/06\/photo-636458622398094456-2-768x576.jpg 768w\" sizes=\"(max-width: 1066px) 100vw, 1066px\" \/><\/figure>\n\n\n\n<figure class=\"wp-block-image size-large\"><img width=\"1136\" height=\"800\" src=\"https:\/\/www.camping-penboch.fr\/wp-content\/uploads\/2022\/06\/photo-636458622133061057-2.jpg\" alt=\"\" class=\"wp-image-1253\" srcset=\"https:\/\/www.camping-penboch.fr\/wp-content\/uploads\/2022\/06\/photo-636458622133061057-2.jpg 1136w, https:\/\/www.camping-penboch.fr\/wp-content\/uploads\/2022\/06\/photo-636458622133061057-2-300x211.jpg 300w, https:\/\/www.camping-penboch.fr\/wp-content\/uploads\/2022\/06\/photo-636458622133061057-2-1024x721.jpg 1024w, https:\/\/www.camping-penboch.fr\/wp-content\/uploads\/2022\/06\/photo-636458622133061057-2-768x541.jpg 768w\" sizes=\"(max-width: 1136px) 100vw, 1136px\" \/><\/figure>\n<\/figure>\n\n\n\n<div class=\"wp-container-69e0227466aab wp-block-buttons\">\n<div class=\"wp-block-button btn_galerie\"><a class=\"wp-block-button__link\" href=\"https:\/\/www.camping-penboch.fr\/nl\/foto-galerij\/\">Foto galerij<\/a><\/div>\n<\/div>\n<\/div>\n<\/div>\n<\/div><\/section>\n\n\n\n<section class=\"wp-container-69e0227468877 wp-block-group d-00-a\"><div class=\"wp-block-group__inner-container\">\n<div class=\"wp-block-columns\">\n<div class=\"wp-block-column is-vertically-aligned-center\">\n<figure class=\"wp-block-image size-large is-style-default\"><img width=\"1024\" height=\"768\" src=\"https:\/\/www.camping-penboch.fr\/wp-content\/uploads\/2022\/06\/photo-636260721473167578-2-1024x768.jpg\" alt=\"\" class=\"wp-image-1116\" srcset=\"https:\/\/www.camping-penboch.fr\/wp-content\/uploads\/2022\/06\/photo-636260721473167578-2-1024x768.jpg 1024w, https:\/\/www.camping-penboch.fr\/wp-content\/uploads\/2022\/06\/photo-636260721473167578-2-300x225.jpg 300w, https:\/\/www.camping-penboch.fr\/wp-content\/uploads\/2022\/06\/photo-636260721473167578-2-768x576.jpg 768w, https:\/\/www.camping-penboch.fr\/wp-content\/uploads\/2022\/06\/photo-636260721473167578-2.jpg 1066w\" sizes=\"(max-width: 1024px) 100vw, 1024px\" \/><\/figure>\n\n\n\n<div class=\"wp-container-69e02274671d9 wp-block-buttons\">\n<div class=\"wp-block-button btn_galerie\"><a class=\"wp-block-button__link\" href=\"https:\/\/www.camping-penboch.fr\/nl\/foto-galerij\/\">Foto galerij<\/a><\/div>\n<\/div>\n<\/div>\n\n\n\n<div class=\"wp-block-column is-vertically-aligned-center\">\n<h2 id=\"profitez-des-piscines-et-des-toboggans-aquatiques\">Onze andere vakantieverblijven in Morbihan<\/h2>\n\n\n\n<p>Wij bieden een breed scala aan accommodatiemogelijkheden voor uw vakantie op camping Penboch. Onze stacaravans zijn ruim en comfortabel, en voor wie de voorkeur geeft aan een vakantie in de natuur, bieden wij ook staanplaatsen voor uw tent of caravan.<\/p>\n\n\n\n<div class=\"wp-block-group accordeon\"><div class=\"wp-block-group__inner-container\">\n<p><i class=\"fa-solid fa-house\"><\/i>  Stacaravans<\/p>\n\n\n\n<div class=\"wp-container-69e02274678fd wp-block-group\"><div class=\"wp-block-group__inner-container\">\n<h3 id=\"location-de-mobil-home-en-bretagne-sud-au-camping-penboch\">Verhuur van stacaravans in Zuid-Bretagne op Camping Penboch<\/h3>\n\n\n\n<p>U bent niet op zoek naar een groot huis voor uw vakantie in Morbihan en geeft de voorkeur aan de eenvoud van een stacaravan in de buurt van de camping faciliteiten? Reserveer uw huuraccommodatie uit de huuraccommodaties met 2, 3 of 4 slaapkamers met een capaciteit van 4 tot 8 personen. De stacaravans van Camping Penboch, op mooie priv\u00e9percelen en allemaal met terras, zijn een interessant alternatief voor het huren van een g\u00eete in Zuid-Bretagne.<\/p>\n\n\n\n<div class=\"wp-container-69e02274675f5 wp-block-buttons\">\n<div class=\"wp-block-button is-style-outline\"><a class=\"wp-block-button__link\" href=\"https:\/\/www.camping-penboch.fr\/nl\/stacaravans\/\">Onze stacaravans<\/a><\/div>\n<\/div>\n<\/div><\/div>\n<\/div><\/div>\n\n\n\n<div class=\"wp-block-group accordeon\"><div class=\"wp-block-group__inner-container\">\n<p><i class=\"fa-solid fa-campground\"><\/i>  Kampeerplaatsen<\/p>\n\n\n\n<div class=\"wp-container-69e0227467fee wp-block-group\"><div class=\"wp-block-group__inner-container\">\n<h3 id=\"emplacements-de-camping-nature-dans-le-golfe-du-morbihan\">Natuurcampings in de Golf van Morbihan<\/h3>\n\n\n\n<p>Als uw idee van vakantie de natuur, de open lucht en traditioneel kamperen is, dan moet u een kampeerplaats huren op camping Penboch! Met een keuze uit standplaatsen van 80 of 150 m2, vindt u de perfecte plek om uw tent of camper op te zetten.<\/p>\n\n\n\n<div class=\"wp-container-69e0227467cec wp-block-buttons\">\n<div class=\"wp-block-button is-style-outline\"><a class=\"wp-block-button__link\" href=\"https:\/\/www.camping-penboch.fr\/nl\/locaties\/\">Onze locaties<\/a><\/div>\n<\/div>\n<\/div><\/div>\n<\/div><\/div>\n\n\n\n<div class=\"wp-container-69e0227468517 wp-block-buttons\">\n<div class=\"wp-block-button btn_resa\"><a class=\"wp-block-button__link\">Boek mijn verblijf<\/a><\/div>\n<\/div>\n<\/div>\n<\/div>\n<\/div><\/section>\n\n\n\n<section class=\"wp-container-69e02274697aa wp-block-group d-00-c\"><div class=\"wp-block-group__inner-container\">\n<div class=\"wp-block-columns\">\n<div class=\"wp-block-column is-vertically-aligned-center\">\n<h2 id=\"profitez-des-piscines-et-des-toboggans-aquatiques\">Praktische diensten en een waaier van activiteiten<\/h2>\n\n\n\n<div class=\"wp-container-69e0227468c9a wp-block-group ligne_pictos\">\n<p><i class=\"fa-solid fa-person-sledding\"><\/i>  Kinderspeelplaats<\/p>\n\n\n\n<p><i class=\"fa-solid fa-futbol\"><\/i>  Multi-sportterrein<\/p>\n\n\n\n<p><i class=\"fa-solid fa-water-ladder\"><\/i>  Aquatisch gebied<\/p>\n\n\n\n<p><i class=\"fa-solid fa-person-pinball\"><\/i>  Arcade spelletjes<\/p>\n<\/div>\n\n\n\n<p>Er zijn vele voordelen verbonden aan een verblijf op camping Penboch, op een staanplaats, in een stacaravan of in \u00e9\u00e9n van onze g\u00eetes de France in Zuid-Bretagne. Ons familiebedrijf biedt u een zeldzame rust die u in een campingclub niet zult vinden.<\/p>\n\n\n\n<p>Onze attente service en prachtige recreatievoorzieningen garanderen u echter een 4-sterrenverblijf in de Morbihan. Naast de sportvelden, het zwemparadijs en de speelzaal op de camping, kunt u genieten van onze ideale ligging aan de Golf van Morbihan, en een veelheid aan activiteiten in de buurt: strand, wandelen, bezoeken en varen!<\/p>\n\n\n\n<div class=\"wp-container-69e0227469044 wp-block-buttons\">\n<div class=\"wp-block-button is-style-outline\"><a class=\"wp-block-button__link\" href=\"https:\/\/www.camping-penboch.fr\/nl\/diensten\/\">Ontdek onze diensten<\/a><\/div>\n\n\n\n<div class=\"wp-block-button is-style-outline\"><a class=\"wp-block-button__link\" href=\"https:\/\/www.camping-penboch.fr\/nl\/vrije-tijd\/\">Activiteiten op de camping<\/a><\/div>\n<\/div>\n<\/div>\n\n\n\n<div class=\"wp-block-column is-vertically-aligned-center\">\n<figure class=\"wp-block-gallery has-nested-images columns-default is-cropped diaporama--1\">\n<figure class=\"wp-block-image size-full\"><img width=\"833\" height=\"560\" src=\"https:\/\/www.camping-penboch.fr\/wp-content\/uploads\/2022\/06\/home_activite.jpg\" alt=\"\" class=\"wp-image-662\" srcset=\"https:\/\/www.camping-penboch.fr\/wp-content\/uploads\/2022\/06\/home_activite.jpg 833w, https:\/\/www.camping-penboch.fr\/wp-content\/uploads\/2022\/06\/home_activite-300x202.jpg 300w, https:\/\/www.camping-penboch.fr\/wp-content\/uploads\/2022\/06\/home_activite-768x516.jpg 768w\" sizes=\"(max-width: 833px) 100vw, 833px\" \/><\/figure>\n\n\n\n<figure class=\"wp-block-image size-large\"><img width=\"1024\" height=\"661\" src=\"https:\/\/www.camping-penboch.fr\/wp-content\/uploads\/2022\/06\/Photo-366-1024x661.jpg\" alt=\"\" class=\"wp-image-842\" srcset=\"https:\/\/www.camping-penboch.fr\/wp-content\/uploads\/2022\/06\/Photo-366-1024x661.jpg 1024w, https:\/\/www.camping-penboch.fr\/wp-content\/uploads\/2022\/06\/Photo-366-300x194.jpg 300w, https:\/\/www.camping-penboch.fr\/wp-content\/uploads\/2022\/06\/Photo-366-768x496.jpg 768w, https:\/\/www.camping-penboch.fr\/wp-content\/uploads\/2022\/06\/Photo-366.jpg 1345w\" sizes=\"(max-width: 1024px) 100vw, 1024px\" \/><\/figure>\n\n\n\n<figure class=\"wp-block-image size-large\"><img width=\"1024\" height=\"683\" src=\"https:\/\/www.camping-penboch.fr\/wp-content\/uploads\/2022\/06\/photo-636262132136389915-2-1024x683.jpg\" alt=\"\" class=\"wp-image-927\" srcset=\"https:\/\/www.camping-penboch.fr\/wp-content\/uploads\/2022\/06\/photo-636262132136389915-2-1024x683.jpg 1024w, https:\/\/www.camping-penboch.fr\/wp-content\/uploads\/2022\/06\/photo-636262132136389915-2-300x200.jpg 300w, https:\/\/www.camping-penboch.fr\/wp-content\/uploads\/2022\/06\/photo-636262132136389915-2-768x512.jpg 768w, https:\/\/www.camping-penboch.fr\/wp-content\/uploads\/2022\/06\/photo-636262132136389915-2.jpg 1199w\" sizes=\"(max-width: 1024px) 100vw, 1024px\" \/><\/figure>\n<\/figure>\n\n\n\n<div class=\"wp-container-69e022746947c wp-block-buttons\">\n<div class=\"wp-block-button btn_galerie\"><a class=\"wp-block-button__link\" href=\"https:\/\/www.camping-penboch.fr\/nl\/foto-galerij\/\">Foto galerij<\/a><\/div>\n<\/div>\n<\/div>\n<\/div>\n<\/div><\/section>\n","protected":false},"excerpt":{"rendered":"<p>3 \u00e9pis g\u00eetes voor een authentieke vakantie in Zuid-Bretagne In een typisch Bretonse boerderij ontvangen onze 6 g\u00eetes de France u voor een vakantie tussen land en zee, dicht bij de Golf van Morbihan, Vannes en Auray. Comfortabel en volledig uitgerust, zorgen ze voor een geslaagd verblijf met familie of vrienden het hele jaar door. [&hellip;]<\/p>\n","protected":false},"author":1,"featured_media":0,"parent":0,"menu_order":0,"comment_status":"closed","ping_status":"closed","template":"","meta":[],"acf":[],"_links":{"self":[{"href":"https:\/\/www.camping-penboch.fr\/nl\/wp-json\/wp\/v2\/pages\/1755"}],"collection":[{"href":"https:\/\/www.camping-penboch.fr\/nl\/wp-json\/wp\/v2\/pages"}],"about":[{"href":"https:\/\/www.camping-penboch.fr\/nl\/wp-json\/wp\/v2\/types\/page"}],"author":[{"embeddable":true,"href":"https:\/\/www.camping-penboch.fr\/nl\/wp-json\/wp\/v2\/users\/1"}],"replies":[{"embeddable":true,"href":"https:\/\/www.camping-penboch.fr\/nl\/wp-json\/wp\/v2\/comments?post=1755"}],"version-history":[{"count":0,"href":"https:\/\/www.camping-penboch.fr\/nl\/wp-json\/wp\/v2\/pages\/1755\/revisions"}],"wp:attachment":[{"href":"https:\/\/www.camping-penboch.fr\/nl\/wp-json\/wp\/v2\/media?parent=1755"}],"curies":[{"name":"wp","href":"https:\/\/api.w.org\/{rel}","templated":true}]}}